{"id":997,"date":"2017-08-27T22:45:04","date_gmt":"2017-08-27T19:45:04","guid":{"rendered":"http:\/\/lauska.lv\/veikalsbeta\/?post_type=product&#038;p=997"},"modified":"2022-09-16T09:42:44","modified_gmt":"2022-09-16T06:42:44","slug":"svesu-zemi-staigadams","status":"publish","type":"product","link":"https:\/\/lauska.lv\/veikals\/Preces\/svesu-zemi-staigadams\/","title":{"rendered":"Sve\u0161u zemi staig\u0101dams"},"content":{"rendered":"<p>\u0160is ir jau grupas piektais albums. Taj\u0101 ir iek\u013cautas gan deju melodijas, \u0161\u016bpu\u013ca dziesmas, k\u0101zu dziesmas, mitolo\u0123iskas dziesmas par sauli, m\u0113nesi, zvaigzn\u0113m, k\u0101 ar\u012b atspogu\u013coti daudzi citi temati. D\u016bdalnieki dzied un sp\u0113l\u0113 melodijas no Kurzemes krasta l\u012bdz Latgales austrumu robe\u017eai, k\u0101 ar\u012b melodijas, kuras ir pierakst\u012btas \u0101rpus Latvijas robe\u017e\u0101m. D\u016bdalnieku dal\u012bbnieku, vi\u0146u vec\u0101ku un vecvec\u0101ku izcelsmes vietas ir da\u017e\u0101das, t\u0101 \u013caujot kopai sve\u0161um\u0101 p\u0101rst\u0101v\u0113t visu Latviju.<\/p>\n","protected":false},"excerpt":{"rendered":"<p><strong>Izpild\u012bt\u0101js\u00a0<\/strong><a href=\"http:\/\/lauska.lv\/veikals\/dudalnieki\/\" target=\"_blank\" rel=\"noopener\">D\u016bdalnieki<\/a><\/p>\n<p><strong>\u017danri <\/strong><a href=\"http:\/\/lauska.lv\/veikals\/folklora\/\">Folklora<\/a><\/p>\n","protected":false},"featured_media":998,"template":"","meta":{"jetpack_post_was_ever_published":false,"jetpack_publicize_message":"","jetpack_is_tweetstorm":false,"jetpack_publicize_feature_enabled":true,"jetpack_social_post_already_shared":true,"jetpack_social_options":{"image_generator_settings":{"template":"highway","enabled":false}}},"product_cat":[137,250,101,249],"product_tag":[46],"jetpack_publicize_connections":[],"jetpack_sharing_enabled":false,"_links":{"self":[{"href":"https:\/\/lauska.lv\/veikals\/wp-json\/wp\/v2\/product\/997"}],"collection":[{"href":"https:\/\/lauska.lv\/veikals\/wp-json\/wp\/v2\/product"}],"about":[{"href":"https:\/\/lauska.lv\/veikals\/wp-json\/wp\/v2\/types\/product"}],"wp:featuredmedia":[{"embeddable":true,"href":"https:\/\/lauska.lv\/veikals\/wp-json\/wp\/v2\/media\/998"}],"wp:attachment":[{"href":"https:\/\/lauska.lv\/veikals\/wp-json\/wp\/v2\/media?parent=997"}],"wp:term":[{"taxonomy":"product_cat","embeddable":true,"href":"https:\/\/lauska.lv\/veikals\/wp-json\/wp\/v2\/product_cat?post=997"},{"taxonomy":"product_tag","embeddable":true,"href":"https:\/\/lauska.lv\/veikals\/wp-json\/wp\/v2\/product_tag?post=997"}],"curies":[{"name":"wp","href":"https:\/\/api.w.org\/{rel}","templated":true}]}}