{"id":993,"date":"2017-08-27T22:41:32","date_gmt":"2017-08-27T19:41:32","guid":{"rendered":"http:\/\/lauska.lv\/veikalsbeta\/?post_type=product&#038;p=993"},"modified":"2019-01-16T15:15:49","modified_gmt":"2019-01-16T13:15:49","slug":"akcenti","status":"publish","type":"product","link":"https:\/\/lauska.lv\/veikals\/Preces\/akcenti\/","title":{"rendered":"Akcenti"},"content":{"rendered":"<p>Album\u0101 ietverti vienpadsmit tautasdziesmu aran\u017e\u0113jumi. Austrumkalna stils ir folkpop ar folkroka pieska\u0146u. Katr\u0101 dziesm\u0101 caurv\u012bta m\u012blest\u012bba, izpratne un cie\u0146a pret latvie\u0161u tautasdziesmu.<\/p>\n","protected":false},"excerpt":{"rendered":"<p><strong>Izpild\u012bt\u0101js<\/strong> <a href=\"http:\/\/lauska.lv\/veikals\/artists\/austrumkalns\/\" target=\"_blank\" rel=\"noopener\">Austrumkalns<\/a><\/p>\n<p><strong>\u017danri\u00a0<\/strong><a href=\"http:\/\/lauska.lv\/veikals\/post-folks\/\">Post-folks<\/a><\/p>\n","protected":false},"featured_media":994,"template":"","meta":{"jetpack_post_was_ever_published":false,"jetpack_publicize_message":"","jetpack_is_tweetstorm":false,"jetpack_publicize_feature_enabled":true,"jetpack_social_post_already_shared":true,"jetpack_social_options":{"image_generator_settings":{"template":"highway","enabled":false}}},"product_cat":[122,101,252,249],"product_tag":[46],"jetpack_publicize_connections":[],"jetpack_sharing_enabled":false,"_links":{"self":[{"href":"https:\/\/lauska.lv\/veikals\/wp-json\/wp\/v2\/product\/993"}],"collection":[{"href":"https:\/\/lauska.lv\/veikals\/wp-json\/wp\/v2\/product"}],"about":[{"href":"https:\/\/lauska.lv\/veikals\/wp-json\/wp\/v2\/types\/product"}],"wp:featuredmedia":[{"embeddable":true,"href":"https:\/\/lauska.lv\/veikals\/wp-json\/wp\/v2\/media\/994"}],"wp:attachment":[{"href":"https:\/\/lauska.lv\/veikals\/wp-json\/wp\/v2\/media?parent=993"}],"wp:term":[{"taxonomy":"product_cat","embeddable":true,"href":"https:\/\/lauska.lv\/veikals\/wp-json\/wp\/v2\/product_cat?post=993"},{"taxonomy":"product_tag","embeddable":true,"href":"https:\/\/lauska.lv\/veikals\/wp-json\/wp\/v2\/product_tag?post=993"}],"curies":[{"name":"wp","href":"https:\/\/api.w.org\/{rel}","templated":true}]}}