{"id":989,"date":"2017-07-27T22:38:42","date_gmt":"2017-07-27T19:38:42","guid":{"rendered":"http:\/\/lauska.lv\/veikalsbeta\/?post_type=product&#038;p=989"},"modified":"2018-10-05T00:07:41","modified_gmt":"2018-10-04T21:07:41","slug":"kuodel-man-nadzeivuot","status":"publish","type":"product","link":"https:\/\/lauska.lv\/veikals\/Preces\/kuodel-man-nadzeivuot\/","title":{"rendered":"Kuode\u013c ma\u0146 nadzeivuot"},"content":{"rendered":"<p>Jaunaj\u0101 album\u0101 iek\u013cautas 16 Ciblas novad\u0101 dzied\u0101tas dziesmas. Materi\u0101lu darbam Il\u017ea sme\u013cas 20.gs. folkloras eksped\u012bciju pierakstos, k\u0101 ar\u012b pa\u0161u kopas dal\u012bbnieku 1990.gadu vid\u016b v\u0101ktajos materi\u0101los. Album\u0101 var dzird\u0113t autentisku dzied\u0101jumu un aran\u017e\u0113jumu m\u016bsdien\u012bg\u0101 izpild\u012bjum\u0101, \u012bpa\u0161i izce\u013cams sul\u012bgais v\u012bru balsu skan\u0113jums. Dziesmu pavad\u012bjumus ieska\u0146oju\u0161i Il\u017eas dal\u012bbnieki (katrs prot sp\u0113l\u0113t k\u0101du m\u016bzikas instrumentu), ta\u010du ir ar\u012b uzaicin\u0101ti viesm\u0101kslinieki \u2013 Kaspars B\u0101rbals un Gatis Valters. Savdab\u012bgu, iepriek\u0161 Il\u017e\u0101 nebiju\u0161u, siltu skan\u0113jumu ienes kokle, t\u0101s skan\u0113juma kr\u0101\u0161\u0146ums \u012bpa\u0161i izbaud\u0101ms solo priek\u0161nesum\u0101 Ka\u013cvuc\u012bma po\u013cka.<\/p>\n","protected":false},"excerpt":{"rendered":"<p><strong>Izpild\u012bt\u0101js<\/strong>\u00a0<a href=\"http:\/\/lauska.lv\/veikals\/ilza\/\" target=\"_blank\" rel=\"noopener\">Il\u017ea<\/a><\/p>\n<p><strong>\u017danri\u00a0<\/strong><a href=\"http:\/\/lauska.lv\/veikals\/folklora\/\">Folklora<\/a><\/p>\n","protected":false},"featured_media":990,"template":"","meta":{"jetpack_post_was_ever_published":false,"jetpack_publicize_message":"","jetpack_is_tweetstorm":false,"jetpack_publicize_feature_enabled":true,"jetpack_social_post_already_shared":true,"jetpack_social_options":{"image_generator_settings":{"template":"highway","enabled":false}}},"product_cat":[250,151,101,249],"product_tag":[46],"jetpack_publicize_connections":[],"jetpack_sharing_enabled":false,"_links":{"self":[{"href":"https:\/\/lauska.lv\/veikals\/wp-json\/wp\/v2\/product\/989"}],"collection":[{"href":"https:\/\/lauska.lv\/veikals\/wp-json\/wp\/v2\/product"}],"about":[{"href":"https:\/\/lauska.lv\/veikals\/wp-json\/wp\/v2\/types\/product"}],"wp:featuredmedia":[{"embeddable":true,"href":"https:\/\/lauska.lv\/veikals\/wp-json\/wp\/v2\/media\/990"}],"wp:attachment":[{"href":"https:\/\/lauska.lv\/veikals\/wp-json\/wp\/v2\/media?parent=989"}],"wp:term":[{"taxonomy":"product_cat","embeddable":true,"href":"https:\/\/lauska.lv\/veikals\/wp-json\/wp\/v2\/product_cat?post=989"},{"taxonomy":"product_tag","embeddable":true,"href":"https:\/\/lauska.lv\/veikals\/wp-json\/wp\/v2\/product_tag?post=989"}],"curies":[{"name":"wp","href":"https:\/\/api.w.org\/{rel}","templated":true}]}}