{"id":979,"date":"2017-08-27T22:32:31","date_gmt":"2017-08-27T19:32:31","guid":{"rendered":"http:\/\/lauska.lv\/veikalsbeta\/?post_type=product&#038;p=979"},"modified":"2018-10-05T00:11:37","modified_gmt":"2018-10-04T21:11:37","slug":"izauga-matei-brinuma-meita","status":"publish","type":"product","link":"https:\/\/lauska.lv\/veikals\/Preces\/izauga-matei-brinuma-meita\/","title":{"rendered":"Izauga m\u0101tei br\u012bnuma meita"},"content":{"rendered":"<p>Album\u0101 ietverti tr\u012bspadsmit tautasdziesmu aran\u017e\u0113jumi. Disk\u0101 ietverts dziesmu st\u0101sts, kas apraksta to posmu meitas dz\u012bv\u0113, kad vi\u0146a iziet tauti\u0146\u0101s &#8211; ar vis\u0101m emocij\u0101m, kas lido ap \u0161o laiku.<br \/>\nImantaDimanta v\u0113las klaus\u012bt\u0101jiem sniegt prieku un lai pie \u0161\u012bs m\u016bzikas cilv\u0113ki labi pavad\u012btu laiku un atp\u016bstos.<\/p>\n","protected":false},"excerpt":{"rendered":"<p><strong>Izpild\u012bt\u0101js<\/strong>\u00a0<a href=\"http:\/\/lauska.lv\/veikals\/artists\/imantadimanta-un-draugi\/\" target=\"_blank\" rel=\"noopener\">ImantaDimanta<\/a> un draugi<\/p>\n<p><strong>\u017danri\u00a0<\/strong><a href=\"http:\/\/lauska.lv\/veikals\/post-folks\/\">Post-folks<\/a><\/p>\n","protected":false},"featured_media":983,"template":"","meta":{"jetpack_post_was_ever_published":false,"jetpack_publicize_message":"","jetpack_is_tweetstorm":false,"jetpack_publicize_feature_enabled":true,"jetpack_social_post_already_shared":true,"jetpack_social_options":{"image_generator_settings":{"template":"highway","enabled":false}}},"product_cat":[152,101,252,249],"product_tag":[46],"jetpack_publicize_connections":[],"jetpack_sharing_enabled":false,"_links":{"self":[{"href":"https:\/\/lauska.lv\/veikals\/wp-json\/wp\/v2\/product\/979"}],"collection":[{"href":"https:\/\/lauska.lv\/veikals\/wp-json\/wp\/v2\/product"}],"about":[{"href":"https:\/\/lauska.lv\/veikals\/wp-json\/wp\/v2\/types\/product"}],"wp:featuredmedia":[{"embeddable":true,"href":"https:\/\/lauska.lv\/veikals\/wp-json\/wp\/v2\/media\/983"}],"wp:attachment":[{"href":"https:\/\/lauska.lv\/veikals\/wp-json\/wp\/v2\/media?parent=979"}],"wp:term":[{"taxonomy":"product_cat","embeddable":true,"href":"https:\/\/lauska.lv\/veikals\/wp-json\/wp\/v2\/product_cat?post=979"},{"taxonomy":"product_tag","embeddable":true,"href":"https:\/\/lauska.lv\/veikals\/wp-json\/wp\/v2\/product_tag?post=979"}],"curies":[{"name":"wp","href":"https:\/\/api.w.org\/{rel}","templated":true}]}}