{"id":975,"date":"2017-09-27T22:27:32","date_gmt":"2017-09-27T19:27:32","guid":{"rendered":"http:\/\/lauska.lv\/veikalsbeta\/?post_type=product&#038;p=975"},"modified":"2024-01-29T18:11:47","modified_gmt":"2024-01-29T16:11:47","slug":"sviests-7","status":"publish","type":"product","link":"https:\/\/lauska.lv\/veikals\/Preces\/sviests-7\/","title":{"rendered":"SVIESTS 7"},"content":{"rendered":"<p>\u0160\u012b ir jau sept\u012bt\u0101 etnom\u016bzikas izlase SVIESTS. T\u0101pat k\u0101 visos iepriek\u0161\u0113jos SVIESTA izdevumos, ar\u012b \u0161aj\u0101 ir iek\u013cauti \u013coti da\u017e\u0101di \u201esviesti\u0146i\u201d &#8211; ska\u0146darbi, ko \u017eanriski var\u0113tu apz\u012bm\u0113t ar v\u0101rdiem etnom\u016bzika, postfolklora vai pasaules m\u016bzika. Galvenok\u0101rt, protams, ir izmantots latvie\u0161u tautas m\u016bzikas materi\u0101ls \u2013 melodijas, v\u0101rdi vai instrumenti, ta\u010du nevairoties no m\u016bdienu muzik\u0101lo str\u0101vojumu ietekmes. \u0160oreiz pied\u0101v\u0101jam vair\u0101kas sp\u0113c\u012bgas pui\u0161u un meitu balsis, kuras iepriek\u0161\u0113jos SVIESTOS nebija dzirdamas, kas tikai noz\u012bm\u0113, ka \u0161is \u017eanrs turpina att\u012bst\u012bties un v\u0113rsties pla\u0161um\u0101.<\/p>\n","protected":false},"excerpt":{"rendered":"<p><strong>Izpild\u012bt\u0101js<\/strong>\u00a0Da\u017e\u0101di izpild\u012bt\u0101ji<\/p>\n<p><strong>\u017danri\u00a0<\/strong><a href=\"http:\/\/lauska.lv\/veikals\/post-folks\/\">Post-folks<\/a><\/p>\n","protected":false},"featured_media":976,"template":"","meta":{"jetpack_post_was_ever_published":false,"jetpack_publicize_message":"","jetpack_is_tweetstorm":false,"jetpack_publicize_feature_enabled":true,"jetpack_social_post_already_shared":true,"jetpack_social_options":{"image_generator_settings":{"template":"highway","enabled":false}}},"product_cat":[104,105,103,107,136,110,111,155,157,158,101,161,172,179,180,182,252,198,211,737,224,225,230,233,249],"product_tag":[46],"jetpack_publicize_connections":[],"jetpack_sharing_enabled":false,"_links":{"self":[{"href":"https:\/\/lauska.lv\/veikals\/wp-json\/wp\/v2\/product\/975"}],"collection":[{"href":"https:\/\/lauska.lv\/veikals\/wp-json\/wp\/v2\/product"}],"about":[{"href":"https:\/\/lauska.lv\/veikals\/wp-json\/wp\/v2\/types\/product"}],"wp:featuredmedia":[{"embeddable":true,"href":"https:\/\/lauska.lv\/veikals\/wp-json\/wp\/v2\/media\/976"}],"wp:attachment":[{"href":"https:\/\/lauska.lv\/veikals\/wp-json\/wp\/v2\/media?parent=975"}],"wp:term":[{"taxonomy":"product_cat","embeddable":true,"href":"https:\/\/lauska.lv\/veikals\/wp-json\/wp\/v2\/product_cat?post=975"},{"taxonomy":"product_tag","embeddable":true,"href":"https:\/\/lauska.lv\/veikals\/wp-json\/wp\/v2\/product_tag?post=975"}],"curies":[{"name":"wp","href":"https:\/\/api.w.org\/{rel}","templated":true}]}}