{"id":9374,"date":"2019-11-06T09:50:49","date_gmt":"2019-11-06T07:50:49","guid":{"rendered":"http:\/\/lauska.lv\/veikals\/?post_type=product&#038;p=9374"},"modified":"2022-01-21T10:52:35","modified_gmt":"2022-01-21T08:52:35","slug":"stipri-vardi","status":"publish","type":"product","link":"https:\/\/lauska.lv\/veikals\/Preces\/stipri-vardi\/","title":{"rendered":"Stipri v\u0101rdi"},"content":{"rendered":"<p>\u0160aj\u0101 album\u0101 &#8220;D\u0101rdi&#8221; izpilda latvie\u0161u tautasdziesmas un da\u017e\u0101dus ori\u0123in\u0101lska\u0146darbus, radot savu unik\u0101lo muzik\u0101lo rokrakstu laikam atbilsto\u0161\u0101 skan\u0113jum\u0101.<\/p>\n","protected":false},"excerpt":{"rendered":"<p><strong>IZPILD\u012aT\u0100JS <\/strong><a href=\"http:\/\/lauska.lv\/veikals\/makslinieki\/dardi\/\">D\u0101rdi<\/a><\/p>\n<p><strong>\u017dANRS\u00a0<\/strong><a href=\"http:\/\/lauska.lv\/veikals\/post-folks\/\">Post-folks<\/a><\/p>\n<p>&nbsp;<\/p>\n","protected":false},"featured_media":9375,"template":"","meta":{"jetpack_post_was_ever_published":false,"jetpack_publicize_message":"","jetpack_is_tweetstorm":false,"jetpack_publicize_feature_enabled":true,"jetpack_social_post_already_shared":true,"jetpack_social_options":{"image_generator_settings":{"template":"highway","enabled":false}}},"product_cat":[113,156,252,249],"product_tag":[685],"jetpack_publicize_connections":[],"jetpack_sharing_enabled":true,"_links":{"self":[{"href":"https:\/\/lauska.lv\/veikals\/wp-json\/wp\/v2\/product\/9374"}],"collection":[{"href":"https:\/\/lauska.lv\/veikals\/wp-json\/wp\/v2\/product"}],"about":[{"href":"https:\/\/lauska.lv\/veikals\/wp-json\/wp\/v2\/types\/product"}],"wp:featuredmedia":[{"embeddable":true,"href":"https:\/\/lauska.lv\/veikals\/wp-json\/wp\/v2\/media\/9375"}],"wp:attachment":[{"href":"https:\/\/lauska.lv\/veikals\/wp-json\/wp\/v2\/media?parent=9374"}],"wp:term":[{"taxonomy":"product_cat","embeddable":true,"href":"https:\/\/lauska.lv\/veikals\/wp-json\/wp\/v2\/product_cat?post=9374"},{"taxonomy":"product_tag","embeddable":true,"href":"https:\/\/lauska.lv\/veikals\/wp-json\/wp\/v2\/product_tag?post=9374"}],"curies":[{"name":"wp","href":"https:\/\/api.w.org\/{rel}","templated":true}]}}