{"id":935,"date":"2017-08-27T21:51:24","date_gmt":"2017-08-27T18:51:24","guid":{"rendered":"http:\/\/lauska.lv\/veikalsbeta\/?post_type=product&#038;p=935"},"modified":"2024-12-06T10:56:08","modified_gmt":"2024-12-06T08:56:08","slug":"op-2","status":"publish","type":"product","link":"https:\/\/lauska.lv\/veikals\/Preces\/op-2\/","title":{"rendered":"Op. 2"},"content":{"rendered":"<p>Kopprojekta saknes mekl\u0113jamas p\u0113rn. Kop\u012bgu eksperimentu laik\u0101, izmantojot neparastu tehniku un improviz\u0113jot, abi m\u016bzi\u0137i ir atradu\u0161i savu \u012bpa\u0161o skan\u0113jumu un stilu, k\u0101 rezult\u0101t\u0101 tapis albums. Taj\u0101 iek\u013cautas asto\u0146as folkloras kompoz\u012bcijas: \u010detras latvie\u0161u tautasdziesmas, kas izpild\u012btas da\u017e\u0101dos dialektos, k\u0101 ar\u012b bulg\u0101ru, ukrai\u0146u, lietuvie\u0161u un krievu tautasdziesmas.<\/p>\n<p>Dziesmas no visa folkloras mantojuma tika atlas\u012btas saska\u0146\u0101 ar m\u016bzi\u0137u gaumi un paties\u012bb\u0101 uzskat\u0101mas par pa\u0161u m\u016bzi\u0137u m\u012b\u013c\u0101kaj\u0101m tautasdziesm\u0101m. Tom\u0113r \u0161o albumu nevar uzskat\u012bt glu\u017ei par folkloras ierakstu, jo dziesmu neparasto aran\u017e\u0113jumu un izpild\u012bjuma d\u0113\u013c t\u0101s dr\u012bz\u0101k pieder minim\u0101lisma m\u016bzikas pasaulei.<\/p>\n<p>Ierakst\u0101 piedal\u012bju\u0161ies paz\u012bstamie m\u016bzi\u0137i &#8211; saksofonists Artis G\u0101ga, vijolnieks Aleksejs Bahirs, perkusionists Artis Orubs, klarnetists Ivars Kalni\u0146\u0161 un tromboniste Laura Rozenberga.<\/p>\n","protected":false},"excerpt":{"rendered":"<p><strong>M\u0101kslinieki\u00a0<\/strong><a href=\"http:\/\/lauska.lv\/veikals\/stanislav-yudin-asnate-rancane\/\" target=\"_blank\" rel=\"noopener\">Stanislav Yudin &amp; Asnate Ranc\u0101ne<\/a><\/p>\n<p><strong>\u017danri\u00a0<\/strong><a href=\"http:\/\/lauska.lv\/veikals\/post-folks\/\" target=\"_blank\" rel=\"noopener\">Post-folks<\/a><\/p>\n","protected":false},"featured_media":936,"template":"","meta":{"jetpack_post_was_ever_published":false,"jetpack_publicize_message":"","jetpack_is_tweetstorm":false,"jetpack_publicize_feature_enabled":true,"jetpack_social_post_already_shared":true,"jetpack_social_options":{"image_generator_settings":{"template":"highway","enabled":false}}},"product_cat":[216],"product_tag":[46],"jetpack_publicize_connections":[],"jetpack_sharing_enabled":false,"_links":{"self":[{"href":"https:\/\/lauska.lv\/veikals\/wp-json\/wp\/v2\/product\/935"}],"collection":[{"href":"https:\/\/lauska.lv\/veikals\/wp-json\/wp\/v2\/product"}],"about":[{"href":"https:\/\/lauska.lv\/veikals\/wp-json\/wp\/v2\/types\/product"}],"wp:featuredmedia":[{"embeddable":true,"href":"https:\/\/lauska.lv\/veikals\/wp-json\/wp\/v2\/media\/936"}],"wp:attachment":[{"href":"https:\/\/lauska.lv\/veikals\/wp-json\/wp\/v2\/media?parent=935"}],"wp:term":[{"taxonomy":"product_cat","embeddable":true,"href":"https:\/\/lauska.lv\/veikals\/wp-json\/wp\/v2\/product_cat?post=935"},{"taxonomy":"product_tag","embeddable":true,"href":"https:\/\/lauska.lv\/veikals\/wp-json\/wp\/v2\/product_tag?post=935"}],"curies":[{"name":"wp","href":"https:\/\/api.w.org\/{rel}","templated":true}]}}