{"id":930,"date":"2018-02-27T21:43:19","date_gmt":"2018-02-27T19:43:19","guid":{"rendered":"http:\/\/lauska.lv\/veikalsbeta\/?post_type=product&#038;p=930"},"modified":"2018-10-05T00:29:24","modified_gmt":"2018-10-04T21:29:24","slug":"lustite-mana-laimite-mana","status":"publish","type":"product","link":"https:\/\/lauska.lv\/veikals\/Preces\/lustite-mana-laimite-mana\/","title":{"rendered":"Lust\u012bte mana, laim\u012bte mana"},"content":{"rendered":"<p>&#8220;Dz\u012bvojam dziedot, ejot rota\u013c\u0101s, dejojot un muzic\u0113jot! Labpr\u0101t ar sevi un latvie\u0161u tautas dziesm\u0101m iepaz\u012bstin\u0101m ar\u012b publiku citviet Latvij\u0101 un pasaul\u0113!&#8221;<\/p>\n","protected":false},"excerpt":{"rendered":"<p><strong>Izpild\u012bt\u0101js<\/strong> <a href=\"http:\/\/lauska.lv\/veikals\/oglite\/\" target=\"_blank\" rel=\"noopener\">Ogl\u012bte<\/a><\/p>\n<p><strong>\u017danri\u00a0<\/strong><a href=\"http:\/\/lauska.lv\/veikals\/folklora\/\">Folklora<\/a><\/p>\n","protected":false},"featured_media":932,"template":"","meta":{"jetpack_post_was_ever_published":false,"jetpack_publicize_message":"","jetpack_is_tweetstorm":false,"jetpack_publicize_feature_enabled":true,"jetpack_social_post_already_shared":true,"jetpack_social_options":{"image_generator_settings":{"template":"highway","enabled":false}}},"product_cat":[250,101,185,249],"product_tag":[47],"jetpack_publicize_connections":[],"jetpack_sharing_enabled":false,"_links":{"self":[{"href":"https:\/\/lauska.lv\/veikals\/wp-json\/wp\/v2\/product\/930"}],"collection":[{"href":"https:\/\/lauska.lv\/veikals\/wp-json\/wp\/v2\/product"}],"about":[{"href":"https:\/\/lauska.lv\/veikals\/wp-json\/wp\/v2\/types\/product"}],"wp:featuredmedia":[{"embeddable":true,"href":"https:\/\/lauska.lv\/veikals\/wp-json\/wp\/v2\/media\/932"}],"wp:attachment":[{"href":"https:\/\/lauska.lv\/veikals\/wp-json\/wp\/v2\/media?parent=930"}],"wp:term":[{"taxonomy":"product_cat","embeddable":true,"href":"https:\/\/lauska.lv\/veikals\/wp-json\/wp\/v2\/product_cat?post=930"},{"taxonomy":"product_tag","embeddable":true,"href":"https:\/\/lauska.lv\/veikals\/wp-json\/wp\/v2\/product_tag?post=930"}],"curies":[{"name":"wp","href":"https:\/\/api.w.org\/{rel}","templated":true}]}}