{"id":919,"date":"2018-03-27T21:41:01","date_gmt":"2018-03-27T18:41:01","guid":{"rendered":"http:\/\/lauska.lv\/veikalsbeta\/?post_type=product&#038;p=919"},"modified":"2018-10-05T00:30:29","modified_gmt":"2018-10-04T21:30:29","slug":"kazas-selu-zemes","status":"publish","type":"product","link":"https:\/\/lauska.lv\/veikals\/Preces\/kazas-selu-zemes\/","title":{"rendered":"K\u0101zas S\u0113\u013cu zem\u0113s"},"content":{"rendered":"<p>Folkloras draugu kopa \u201eSkandinieki\u201d ir vad\u012bjusi un kuplin\u0101jusi neskait\u0101mus k\u0101zu godus vis\u0101 Latvij\u0101 un nu v\u0113las par\u0101d\u012bt specifisku materi\u0101lu kopumu, kas pal\u012bdzetu \u013caud\u012bm svin\u0113t godus, dziedot savas puses dziesmas.<\/p>\n<p>Latvie\u0161u k\u0101zu trad\u012bcij\u0101s ir izveidojies zin\u0101ms dziesmu apjoms, kas tiek dzied\u0101ts no k\u0101z\u0101m uz k\u0101z\u0101m da\u017e\u0101dos novados un situ\u0101cij\u0101s. Tas ierobe\u017eo gan k\u0101zu repertu\u0101ru, gan samazina zin\u0101m\u0101s k\u0101zu dziesmas, piekam noplicina novada mantojumu. Katra novada br\u012bnis\u0137\u0101 valoda un muzik\u0101l\u0101 unikalit\u0101te ir m\u016bsu \u012bsten\u0101 bag\u0101t\u012bba, t\u0101p\u0113c v\u0113l jo vair\u0101k gribas uzsv\u0113rt izloksnes burv\u012bbu un nepiecie\u0161am\u012bbu to neizmirst, nenoplicinot un nevienk\u0101r\u0161ojot visu l\u012bdz rakstu valodai. T\u0101p\u0113c \u0161aj\u0101 album\u0101 tiek pied\u0101v\u0101tas k\u0101zu dziesmas tie\u0161i s\u0113\u013cu novada izloksn\u0113s. Skandinieku S\u0113\u013cu k\u0101zu albums par\u0101da s\u0113lisko izloks\u0146u are\u0101la skaist\u0101s un praktiski pielietojam\u0101s k\u0101zu dziesmas, radot \u012bpa\u0161u dziesmas valodas skan\u0113jumu, sp\u0113c\u012bgas emocijas da\u017e\u0101d\u012bb\u0101 un k\u0101zu norises spilgt\u0101ko momentu iez\u012bm\u0113\u0161an\u0101.<\/p>\n<p>\u0160is albums pal\u012bdz\u0113s s\u0113\u013ciem un s\u0113lisko izlok\u0161\u0146u are\u0101la iedz\u012bvot\u0101jiem vair\u0101k apzin\u0101ties savu identit\u0101ti un viegl\u0101k sevi integr\u0113t tradicion\u0101l\u0101s kult\u016bras noris\u0113s un izdar\u012bb\u0101s, dodot sp\u0113ku, drosmi un zin\u0101\u0161anas.<\/p>\n","protected":false},"excerpt":{"rendered":"<p><strong>Izpild\u012bt\u0101js<\/strong> <a href=\"http:\/\/lauska.lv\/veikals\/skandinieki\/\" target=\"_blank\" rel=\"noopener\">Skandinieki<\/a><\/p>\n<p><strong>\u017danri <\/strong><a href=\"http:\/\/lauska.lv\/veikals\/folklora\/\">Folklora<\/a><\/p>\n","protected":false},"featured_media":922,"template":"","meta":{"jetpack_post_was_ever_published":false,"jetpack_publicize_message":"","jetpack_is_tweetstorm":false,"jetpack_publicize_feature_enabled":true,"jetpack_social_post_already_shared":true,"jetpack_social_options":{"image_generator_settings":{"template":"highway","enabled":false}}},"product_cat":[212],"product_tag":[47],"jetpack_publicize_connections":[],"jetpack_sharing_enabled":false,"_links":{"self":[{"href":"https:\/\/lauska.lv\/veikals\/wp-json\/wp\/v2\/product\/919"}],"collection":[{"href":"https:\/\/lauska.lv\/veikals\/wp-json\/wp\/v2\/product"}],"about":[{"href":"https:\/\/lauska.lv\/veikals\/wp-json\/wp\/v2\/types\/product"}],"wp:featuredmedia":[{"embeddable":true,"href":"https:\/\/lauska.lv\/veikals\/wp-json\/wp\/v2\/media\/922"}],"wp:attachment":[{"href":"https:\/\/lauska.lv\/veikals\/wp-json\/wp\/v2\/media?parent=919"}],"wp:term":[{"taxonomy":"product_cat","embeddable":true,"href":"https:\/\/lauska.lv\/veikals\/wp-json\/wp\/v2\/product_cat?post=919"},{"taxonomy":"product_tag","embeddable":true,"href":"https:\/\/lauska.lv\/veikals\/wp-json\/wp\/v2\/product_tag?post=919"}],"curies":[{"name":"wp","href":"https:\/\/api.w.org\/{rel}","templated":true}]}}