{"id":910,"date":"2018-01-27T21:36:23","date_gmt":"2018-01-27T19:36:23","guid":{"rendered":"http:\/\/lauska.lv\/veikalsbeta\/?post_type=product&#038;p=910"},"modified":"2018-10-05T00:28:10","modified_gmt":"2018-10-04T21:28:10","slug":"high-time","status":"publish","type":"product","link":"https:\/\/lauska.lv\/veikals\/Preces\/high-time\/","title":{"rendered":"High Time"},"content":{"rendered":"<p>High Time ir m\u016bzikas albums, kas reprezent\u0113 vair\u0101ku kaisl\u012bgu cilv\u0113ku rado\u0161\u0101s izpausmes, kuri uzdro\u0161in\u0101s tic\u0113t &#8211; \u0161is ir tas, kas pasaulei j\u0101dzird. Pie klaus\u012bt\u0101jiem n\u0101kot pa tie\u0161o no <em>underground<\/em> roka skatuves, CanZone debijas albums iek\u013cauj sev\u012b desmit ori\u0123in\u0101ldziesmas &#8211; puse no kur\u0101m dzied\u0101tas grupas dal\u012bbnieku dzimtaj\u0101 valod\u0101, otra puse &#8211; ang\u013cu valod\u0101.<\/p>\n","protected":false},"excerpt":{"rendered":"<p><strong>Izpild\u012bt\u0101js<\/strong>\u00a0<a href=\"http:\/\/lauska.lv\/veikals\/canzone\/\" target=\"_blank\" rel=\"noopener\">CanZone<\/a><\/p>\n<p><strong>\u017danri\u00a0<\/strong><a href=\"http:\/\/lauska.lv\/veikals\/roks-pops\/\">Roks \/ Pops<\/a><\/p>\n","protected":false},"featured_media":913,"template":"","meta":{"jetpack_post_was_ever_published":false,"jetpack_publicize_message":"","jetpack_is_tweetstorm":false,"jetpack_publicize_feature_enabled":true,"jetpack_social_post_already_shared":true,"jetpack_social_options":{"image_generator_settings":{"template":"highway","enabled":false}}},"product_cat":[15,106],"product_tag":[47],"jetpack_publicize_connections":[],"jetpack_sharing_enabled":false,"_links":{"self":[{"href":"https:\/\/lauska.lv\/veikals\/wp-json\/wp\/v2\/product\/910"}],"collection":[{"href":"https:\/\/lauska.lv\/veikals\/wp-json\/wp\/v2\/product"}],"about":[{"href":"https:\/\/lauska.lv\/veikals\/wp-json\/wp\/v2\/types\/product"}],"wp:featuredmedia":[{"embeddable":true,"href":"https:\/\/lauska.lv\/veikals\/wp-json\/wp\/v2\/media\/913"}],"wp:attachment":[{"href":"https:\/\/lauska.lv\/veikals\/wp-json\/wp\/v2\/media?parent=910"}],"wp:term":[{"taxonomy":"product_cat","embeddable":true,"href":"https:\/\/lauska.lv\/veikals\/wp-json\/wp\/v2\/product_cat?post=910"},{"taxonomy":"product_tag","embeddable":true,"href":"https:\/\/lauska.lv\/veikals\/wp-json\/wp\/v2\/product_tag?post=910"}],"curies":[{"name":"wp","href":"https:\/\/api.w.org\/{rel}","templated":true}]}}