{"id":900,"date":"2018-04-27T21:30:08","date_gmt":"2018-04-27T18:30:08","guid":{"rendered":"http:\/\/lauska.lv\/veikalsbeta\/?post_type=product&#038;p=900"},"modified":"2018-10-05T00:31:34","modified_gmt":"2018-10-04T21:31:34","slug":"smuka-meitin","status":"publish","type":"product","link":"https:\/\/lauska.lv\/veikals\/Preces\/smuka-meitin\/","title":{"rendered":"Smuk\u0101 meiti\u0146\u2019"},"content":{"rendered":"<p>\u201eTark\u0161\u0137u mandol\u012bnisti\u201d ir daudzskaitl\u012bg\u0101s b\u0113rnu un jaunie\u0161u folkloras kopas \u201eTark\u0161\u0137i\u201d no Iecavas \u201ejaun\u0101k\u0101 m\u0101si\u0146a\u201d, kas p\u0113d\u0113jo gadu laik\u0101 \u012bpa\u0161u uzman\u012bbu piev\u0113r\u0161 jaukajam strink\u0161\u0137in\u0101jamajam instrumentam mandol\u012bnai, to sp\u0113l\u0113jot gan mandol\u012bnistu ansambl\u012b, gan iek\u013caujot kapel\u0101 kop\u0101 ar vijol\u0113m, akordeonu, \u0123it\u0101ru, basi un citiem instrumentiem. \u201eTark\u0161\u0137u mandol\u012bnisti\u201d sp\u0113l\u0113 un dzied 20. gadsimta s\u0101kum\u0101 un vid\u016b Zemgal\u0113 skan\u0113ju\u0161as jestras zi\u0146\u0123es un dan\u010dus. Mandol\u012bnu skan\u0113jumu papildina ar\u012b citi tautas m\u016bzikas instrumenti.<\/p>\n<p>Mandol\u012bna k\u0101 instruments latvie\u0161u folkloras kust\u012bb\u0101 k\u0101du laiku bija nepeln\u012bti piemirsusies, kaut ar\u012b v\u0113l 19. un 20. gadsimt\u0101 vis\u0101 Eirop\u0101 popul\u0101ri bija veseli mandol\u012bnu or\u0137estri. Tom\u0113r p\u0113d\u0113jos gados \u0161is instruments ir atkal iek\u013c\u0101vies da\u017e\u0101du tautas m\u016bzikas kopu repertu\u0101r\u0101, notiek mandol\u012bnu sp\u0113les apm\u0101c\u012bbas un veidojas jauni ansamb\u013ci. \u0160\u012b instrumenta smalk\u0101 un vienlaic\u012bgi \u013coti sadzirdam\u0101 ska\u0146a \u013cauj tam iek\u013cauties kapelu sast\u0101vos kop\u0101 ar citiem instrumentiem, vai ar\u012b veidot t\u012brus mandol\u012bnu ansamb\u013cus, kuros izsp\u0113l\u0113t sen un ne tik sen popul\u0101rus ska\u0146darbus.<\/p>\n","protected":false},"excerpt":{"rendered":"<p><strong>Izpild\u012bt\u0101js<\/strong>\u00a0<a href=\"http:\/\/lauska.lv\/veikals\/tarkski\/\" target=\"_blank\" rel=\"noopener\">Tark\u0161\u0137u mandol\u012bnisti<\/a><\/p>\n<p><strong>\u017danri <\/strong><a href=\"http:\/\/lauska.lv\/veikals\/folklora\/\">Folklora<\/a><\/p>\n","protected":false},"featured_media":906,"template":"","meta":{"jetpack_post_was_ever_published":false,"jetpack_publicize_message":"","jetpack_is_tweetstorm":false,"jetpack_publicize_feature_enabled":true,"jetpack_social_post_already_shared":true,"jetpack_social_options":{"image_generator_settings":{"template":"highway","enabled":false}}},"product_cat":[101,223],"product_tag":[47],"jetpack_publicize_connections":[],"jetpack_sharing_enabled":false,"_links":{"self":[{"href":"https:\/\/lauska.lv\/veikals\/wp-json\/wp\/v2\/product\/900"}],"collection":[{"href":"https:\/\/lauska.lv\/veikals\/wp-json\/wp\/v2\/product"}],"about":[{"href":"https:\/\/lauska.lv\/veikals\/wp-json\/wp\/v2\/types\/product"}],"wp:featuredmedia":[{"embeddable":true,"href":"https:\/\/lauska.lv\/veikals\/wp-json\/wp\/v2\/media\/906"}],"wp:attachment":[{"href":"https:\/\/lauska.lv\/veikals\/wp-json\/wp\/v2\/media?parent=900"}],"wp:term":[{"taxonomy":"product_cat","embeddable":true,"href":"https:\/\/lauska.lv\/veikals\/wp-json\/wp\/v2\/product_cat?post=900"},{"taxonomy":"product_tag","embeddable":true,"href":"https:\/\/lauska.lv\/veikals\/wp-json\/wp\/v2\/product_tag?post=900"}],"curies":[{"name":"wp","href":"https:\/\/api.w.org\/{rel}","templated":true}]}}