{"id":890,"date":"2018-05-27T21:20:24","date_gmt":"2018-05-27T18:20:24","guid":{"rendered":"http:\/\/lauska.lv\/veikalsbeta\/?post_type=product&#038;p=890"},"modified":"2018-10-05T00:33:05","modified_gmt":"2018-10-04T21:33:05","slug":"variacijas","status":"publish","type":"product","link":"https:\/\/lauska.lv\/veikals\/Preces\/variacijas\/","title":{"rendered":"Vari\u0101cijas"},"content":{"rendered":"<p>Grupas \u012bpa\u0161\u0101 muzik\u0101l\u0101 pievilc\u012bba\u00a0<span class=\"text_exposed_show\">saist\u0101s ar emocion\u0101lo, savdab\u012bgi pies\u0101tin\u0101to un iedvesmojo\u0161o balsu skan\u0113jumu. Senais un m\u016bsdien\u012bgais, latviskais un pasaul\u012bgais, sievi\u0161\u0137ais un sakr\u0101lais savijas vienot\u0101 veselum\u0101 un ir galvenie grupas m\u016bzikas iedvesmas avoti.\u00a0<\/span><\/p>\n<p>\u201cAlbum\u0101 uz\u0146emt\u0101s melodijas p\u0101rst\u0101v da\u017e\u0101dus stilus, t\u0101s ar\u012b n\u0101k no da\u017e\u0101diem novadiem. Attiec\u012bgi, at\u0161\u0137ir\u012bgi da\u017e\u0101d\u0101s dziesm\u0101s ir ar\u012b vari\u0113\u0161anas pa\u0146\u0113mieni. Grupas \u201cLata Donga\u201d albums \u201cVari\u0101cijas\u201d savu nosaukumu attaisno ne tikai taj\u0101 zi\u0146\u0101, ka tas r\u0101da tautas melodiju vari\u0113\u0161anos: albums asociat\u012bvi ietver vari\u0101cijas (variantus) ar\u012b t\u0101d\u0113j\u0101di, ka r\u0101da, k\u0101 ar \u0161\u012bm melodij\u0101m un vi\u0146u vari\u0113\u0161anos var m\u016bsdien\u0101s apieties, savienojot t\u0101s da\u017e\u0101dos veidos ar da\u017e\u0101du pasaules m\u016bzikas stilu elementiem.\u201d (M.Boiko)<\/p>\n","protected":false},"excerpt":{"rendered":"<p><strong>Izpild\u012bt\u0101js<\/strong>\u00a0<a href=\"http:\/\/lauska.lv\/veikals\/lata-donga\/\" target=\"_blank\" rel=\"noopener\">Lata Donga<\/a><\/p>\n<p><strong>\u017danri\u00a0<\/strong><a href=\"http:\/\/lauska.lv\/veikals\/post-folks\/\" target=\"_blank\" rel=\"noopener\">Post-folks<\/a><\/p>\n","protected":false},"featured_media":893,"template":"","meta":{"jetpack_post_was_ever_published":false,"jetpack_publicize_message":"","jetpack_is_tweetstorm":false,"jetpack_publicize_feature_enabled":true,"jetpack_social_post_already_shared":true,"jetpack_social_options":{"image_generator_settings":{"template":"highway","enabled":false}}},"product_cat":[101,168,252,249],"product_tag":[47],"jetpack_publicize_connections":[],"jetpack_sharing_enabled":false,"_links":{"self":[{"href":"https:\/\/lauska.lv\/veikals\/wp-json\/wp\/v2\/product\/890"}],"collection":[{"href":"https:\/\/lauska.lv\/veikals\/wp-json\/wp\/v2\/product"}],"about":[{"href":"https:\/\/lauska.lv\/veikals\/wp-json\/wp\/v2\/types\/product"}],"wp:featuredmedia":[{"embeddable":true,"href":"https:\/\/lauska.lv\/veikals\/wp-json\/wp\/v2\/media\/893"}],"wp:attachment":[{"href":"https:\/\/lauska.lv\/veikals\/wp-json\/wp\/v2\/media?parent=890"}],"wp:term":[{"taxonomy":"product_cat","embeddable":true,"href":"https:\/\/lauska.lv\/veikals\/wp-json\/wp\/v2\/product_cat?post=890"},{"taxonomy":"product_tag","embeddable":true,"href":"https:\/\/lauska.lv\/veikals\/wp-json\/wp\/v2\/product_tag?post=890"}],"curies":[{"name":"wp","href":"https:\/\/api.w.org\/{rel}","templated":true}]}}