{"id":4640,"date":"2019-07-07T21:38:23","date_gmt":"2019-07-07T18:38:23","guid":{"rendered":"http:\/\/lauska.lv\/veikals\/?post_type=product&#038;p=4640"},"modified":"2026-02-15T19:59:16","modified_gmt":"2026-02-15T17:59:16","slug":"ligo-gadalaiki","status":"publish","type":"product","link":"https:\/\/lauska.lv\/veikals\/Preces\/ligo-gadalaiki\/","title":{"rendered":"L\u012aGO Gadalaiki"},"content":{"rendered":"<p>Latvijas saj\u016btu kast\u012bte. Taj\u0101 atrodama koka zibatmi\u0146a ar \u010detriem m\u0101kslas video, kuros TDA \u201cL\u012bgo\u201d izdejo skaist\u0101k\u0101s horeogr\u0101fa J\u0101\u0146a Purvi\u0146a dejas \u010detros gadalaikos Latvijas dab\u0101, k\u0101 ar\u012b \u010detras pastkartes, kur\u0101s redzami skaist\u0101kie latvie\u0161u tautast\u0113rpi no \u201cL\u012bgo\u201d kolekcijas. T\u0101 b\u016bs lieliska d\u0101vana Latvijas viesiem, kuri v\u0113l\u0113sies pa\u0146emt l\u012bdzi Latvijas saj\u016btas esenci.<\/p>\n<p>\u201c \u201cL\u012bgo gadalaiki\u201d ir st\u0101sts par katru no mums. Par stipr\u0101m sakn\u0113m, pieder\u012bbu un savu cilv\u0113ku izj\u016btu. Caur tautas deju m\u0113s iem\u0101c\u0101mies cien\u012bt sevi un citus. Iem\u0101c\u0101mies valk\u0101t un cien\u012bt tautas t\u0113rpu. Un ar katru jaunu iestud\u0113jumu iem\u0101c\u0101mies ko jaunu par latvie\u0161u trad\u012bcij\u0101m,\u201d p\u0101rdom\u0101s dal\u0101s horeogr\u0101fs un Tautas deju ansamb\u013ca \u201cL\u012bgo\u201d vad\u012bt\u0101js J\u0101nis Purvi\u0146\u0161.<\/p>\n<p>\u201cL\u012bgo gadalaiku\u201d video autors Art\u016brs Vanags, tekstu un koncepta autore D\u0101rta Aps\u012bte, idejas autors un kolekt\u012bva vad\u012bt\u0101js J\u0101nis Purvi\u0146\u0161. Dejo Tautas deju ansamblis \u201cL\u012bgo\u201d.<\/p>\n","protected":false},"excerpt":{"rendered":"<p>M\u0100KSLINIEKI Tautas deju ansamblis L\u012aGO<\/p>\n<p>\u017dANRI <a href=\"http:\/\/lauska.lv\/veikals\/post-folks\/\">Post-folks<\/a><\/p>\n","protected":false},"featured_media":4641,"template":"","meta":{"jetpack_post_was_ever_published":false,"jetpack_publicize_message":"","jetpack_is_tweetstorm":false,"jetpack_publicize_feature_enabled":true,"jetpack_social_post_already_shared":true,"jetpack_social_options":{"image_generator_settings":{"template":"highway","enabled":false}}},"product_cat":[15],"product_tag":[685],"jetpack_publicize_connections":[],"jetpack_sharing_enabled":true,"_links":{"self":[{"href":"https:\/\/lauska.lv\/veikals\/wp-json\/wp\/v2\/product\/4640"}],"collection":[{"href":"https:\/\/lauska.lv\/veikals\/wp-json\/wp\/v2\/product"}],"about":[{"href":"https:\/\/lauska.lv\/veikals\/wp-json\/wp\/v2\/types\/product"}],"wp:featuredmedia":[{"embeddable":true,"href":"https:\/\/lauska.lv\/veikals\/wp-json\/wp\/v2\/media\/4641"}],"wp:attachment":[{"href":"https:\/\/lauska.lv\/veikals\/wp-json\/wp\/v2\/media?parent=4640"}],"wp:term":[{"taxonomy":"product_cat","embeddable":true,"href":"https:\/\/lauska.lv\/veikals\/wp-json\/wp\/v2\/product_cat?post=4640"},{"taxonomy":"product_tag","embeddable":true,"href":"https:\/\/lauska.lv\/veikals\/wp-json\/wp\/v2\/product_tag?post=4640"}],"curies":[{"name":"wp","href":"https:\/\/api.w.org\/{rel}","templated":true}]}}