{"id":4629,"date":"2019-07-07T20:14:19","date_gmt":"2019-07-07T17:14:19","guid":{"rendered":"http:\/\/lauska.lv\/veikals\/?post_type=product&#038;p=4629"},"modified":"2024-02-20T09:46:58","modified_gmt":"2024-02-20T07:46:58","slug":"sviests-8","status":"publish","type":"product","link":"https:\/\/lauska.lv\/veikals\/Preces\/sviests-8\/","title":{"rendered":"SVIESTS 8"},"content":{"rendered":"<p>Izlas\u0113 SVIESTS jau tradicion\u0101li tiek apkopots tas, kas \u0161obr\u012bd skan latvie\u0161u postfolkloras lauci\u0146\u0101. Izlas\u0113 iek\u013cautas gan t\u0101das jau sen zin\u0101mas grupas k\u0101 I\u013c\u0123i un Au\u013ci ar saviem jaunajiem projektiem, bet ar\u012b ieskan\u0101s piln\u012bgi jaunas un nedzird\u0113tas balsis. \u0160oreiz \u012bpa\u0161i iez\u012bm\u012bgi ir vair\u0101ki ska\u0146darbi, kuros latvie\u0161u m\u016bzi\u0137i un grupas vair\u0101k vai maz\u0101k spont\u0101ni sadarboju\u0161\u0101s ar citu valstu un pat kontinentu muzik\u0101lu trad\u012bciju p\u0101rst\u0101vjiem.<\/p>\n","protected":false},"excerpt":{"rendered":"<p>IZPILD\u012aT\u0100JS Da\u017e\u0101di izpild\u012bt\u0101ji<\/p>\n<p>\u017dANRI <a href=\"http:\/\/lauska.lv\/veikals\/post-folks\/\">Post-folks<\/a><\/p>\n","protected":false},"featured_media":4630,"template":"","meta":{"jetpack_post_was_ever_published":false,"jetpack_publicize_message":"","jetpack_is_tweetstorm":false,"jetpack_publicize_feature_enabled":true,"jetpack_social_post_already_shared":true,"jetpack_social_options":{"image_generator_settings":{"template":"highway","enabled":false}}},"product_cat":[119,752,127,136,150,152,155,156,101,165,168,748,252,198,207,737,689],"product_tag":[685],"jetpack_publicize_connections":[],"jetpack_sharing_enabled":true,"_links":{"self":[{"href":"https:\/\/lauska.lv\/veikals\/wp-json\/wp\/v2\/product\/4629"}],"collection":[{"href":"https:\/\/lauska.lv\/veikals\/wp-json\/wp\/v2\/product"}],"about":[{"href":"https:\/\/lauska.lv\/veikals\/wp-json\/wp\/v2\/types\/product"}],"wp:featuredmedia":[{"embeddable":true,"href":"https:\/\/lauska.lv\/veikals\/wp-json\/wp\/v2\/media\/4630"}],"wp:attachment":[{"href":"https:\/\/lauska.lv\/veikals\/wp-json\/wp\/v2\/media?parent=4629"}],"wp:term":[{"taxonomy":"product_cat","embeddable":true,"href":"https:\/\/lauska.lv\/veikals\/wp-json\/wp\/v2\/product_cat?post=4629"},{"taxonomy":"product_tag","embeddable":true,"href":"https:\/\/lauska.lv\/veikals\/wp-json\/wp\/v2\/product_tag?post=4629"}],"curies":[{"name":"wp","href":"https:\/\/api.w.org\/{rel}","templated":true}]}}