{"id":3592,"date":"2019-05-24T13:02:11","date_gmt":"2019-05-24T10:02:11","guid":{"rendered":"http:\/\/lauska.lv\/veikals\/?post_type=product&#038;p=3592"},"modified":"2019-05-24T13:42:34","modified_gmt":"2019-05-24T10:42:34","slug":"happy-girl","status":"publish","type":"product","link":"https:\/\/lauska.lv\/veikals\/Preces\/happy-girl\/","title":{"rendered":"Happy Girl"},"content":{"rendered":"<div class=\"_1dwg _1w_m _q7o\">\n<div class=\"_3x-2\" data-ft=\"{&quot;tn&quot;:&quot;H&quot;}\">\n<div class=\"_5r69 _sds _1hvl\">\n<div class=\"mts\">\n<div class=\"mtm _5pcm\">\n<div class=\"mtm _5pco\" data-testid=\"post_message\" data-ft=\"{&quot;tn&quot;:&quot;K&quot;}\">\n<div id=\"id_5ce7ba65033cb1644274074\" class=\"text_exposed_root text_exposed\">\n<div class=\"text_exposed_show\">\n<p><strong>R\u012bga 1995 \u0113rk\u0161\u0137i parad\u012bz\u0113<\/strong><\/p>\n<p>Ja b\u016btu j\u0101dod gr\u0101matai latviskais nosaukums, tad var\u0113tu rakst\u012bt &#8220;Ilzes piedz\u012bvojumi Br\u012bnumzem\u0113&#8221;. Br\u012bnumzem\u0113 Latvij\u0101. Un ar br\u012bnumiem \u2013 gan pozit\u012bviem, gan negat\u012bviem \u2013 autore sastopas ik uz so\u013ca, kad p\u0113c trimdas sve\u0161um\u0101 \u2013 Kan\u0101d\u0101 \u2013 pavad\u012btiem gadiem vi\u0146a p\u0101rce\u013cas uz Latviju. Lai paliktu, lai dz\u012bvotu.<\/p>\n<p>Augu\u0161ai ar m\u0101tes br\u012bvo, civiliz\u0113to Latviju, vi\u0146as pr\u0101ts uzbur pasaku ainas. Tom\u0113r realit\u0101te ir pavisam cit\u0101da. Sap\u0146iem vijoties ar realit\u0101te, rodas \u0161\u012b gr\u0101mata &#8211; aizkustino\u0161u ainu, piedz\u012bvojumu, draudz\u012bbas, nodev\u012bbas, smeldz\u012bgi nostal\u0123isku s\u0101pju un prieka pilna.<\/p>\n<\/div>\n<\/div>\n<\/div>\n<\/div>\n<\/div>\n<\/div>\n<\/div>\n<div><\/div>\n<\/div>\n<div>\n<form id=\"u_fetchstream_39_5\" class=\"commentable_item\" action=\"https:\/\/www.facebook.com\/ajax\/ufi\/modify.php\" method=\"post\" data-ft=\"{&quot;tn&quot;:&quot;]&quot;}\">\n<div class=\"_4299\">\n<div class=\"_5vsi\"><\/div>\n<div class=\"_78bu\">\n<div class=\"_1dnh\">\n<div class=\"_3vuz\"><\/div>\n<\/div>\n<\/div>\n<\/div>\n<\/form>\n<\/div>\n","protected":false},"excerpt":{"rendered":"<p>Autors\u00a0<a href=\"http:\/\/lauska.lv\/veikals\/makslinieki\/berzina-ilze\/\" target=\"_blank\" rel=\"noopener noreferrer\">Ilze B\u0113rzi\u0146a<\/a><\/p>\n<p>\u017danrs\u00a0<a href=\"http:\/\/lauska.lv\/veikals\/literari-diski-un-gramatas\/\">Liter\u0101ri diski un gr\u0101matas<\/a><\/p>\n<p>ISBN 978-0-9921455-4-5<\/p>\n<p>Gr\u0101mata m\u012bkstos v\u0101kos 285 lpp.<\/p>\n","protected":false},"featured_media":3597,"template":"","meta":{"jetpack_post_was_ever_published":false,"jetpack_publicize_message":"","jetpack_is_tweetstorm":false,"jetpack_publicize_feature_enabled":true,"jetpack_social_post_already_shared":true,"jetpack_social_options":{"image_generator_settings":{"template":"highway","enabled":false}}},"product_cat":[694,695,101,251,249],"product_tag":[685],"jetpack_publicize_connections":[],"jetpack_sharing_enabled":true,"_links":{"self":[{"href":"https:\/\/lauska.lv\/veikals\/wp-json\/wp\/v2\/product\/3592"}],"collection":[{"href":"https:\/\/lauska.lv\/veikals\/wp-json\/wp\/v2\/product"}],"about":[{"href":"https:\/\/lauska.lv\/veikals\/wp-json\/wp\/v2\/types\/product"}],"wp:featuredmedia":[{"embeddable":true,"href":"https:\/\/lauska.lv\/veikals\/wp-json\/wp\/v2\/media\/3597"}],"wp:attachment":[{"href":"https:\/\/lauska.lv\/veikals\/wp-json\/wp\/v2\/media?parent=3592"}],"wp:term":[{"taxonomy":"product_cat","embeddable":true,"href":"https:\/\/lauska.lv\/veikals\/wp-json\/wp\/v2\/product_cat?post=3592"},{"taxonomy":"product_tag","embeddable":true,"href":"https:\/\/lauska.lv\/veikals\/wp-json\/wp\/v2\/product_tag?post=3592"}],"curies":[{"name":"wp","href":"https:\/\/api.w.org\/{rel}","templated":true}]}}