{"id":3549,"date":"2019-05-09T12:18:41","date_gmt":"2019-05-09T09:18:41","guid":{"rendered":"http:\/\/lauska.lv\/veikals\/?post_type=product&#038;p=3549"},"modified":"2019-05-14T10:01:22","modified_gmt":"2019-05-14T07:01:22","slug":"visuma-vizosa-tumsa","status":"publish","type":"product","link":"https:\/\/lauska.lv\/veikals\/Preces\/visuma-vizosa-tumsa\/","title":{"rendered":"Visuma Vizo\u0161\u0101 Tumsa"},"content":{"rendered":"<p>Laima Jansone: \u201cVisum\u0101 nekad nav \u012bstas tumsas. Tas viegli atstaro zvaig\u017e\u0146u rad\u012bto gaismu. Saule sav\u0101 spo\u017eum\u0101 silda ZeMi &#8211; m\u016bsu m\u0101jas.\u201d<\/p>\n<p>Albums \u201cVisuma vizo\u0161\u0101 tumsa\u201d ir k\u0101 saikne starp div\u0101m pasaul\u0113m &#8211; starp m\u016bsdien\u012bgo un tradicion\u0101lo, starp mieru un trakul\u012bbu, starp trauslo un nesatricin\u0101mo, starp nopietn\u012bbu un rota\u013c\u012bgumu, ko sniedz gan elektrisk\u0101s, gan akustisk\u0101s kokles, k\u0101 ar\u012b elektronikas ska\u0146as, kas filigr\u0101ni veidotas no da\u017e\u0101du sadz\u012bves priek\u0161metu ska\u0146\u0101m, un to visu papildin\u0101 m\u016bzi\u0137u drauga Toma Poi\u0161a kontrabasa solo.<\/p>\n","protected":false},"excerpt":{"rendered":"<p><b>M\u0100KSLINIEKS\u00a0<\/b><a href=\"http:\/\/lauska.lv\/veikals\/makslinieki\/zeme\/\">ZeMe<\/a><\/p>\n<p><b>\u017dANRI <\/b><a href=\"http:\/\/lauska.lv\/veikals\/post-folks\/\" target=\"_blank\" rel=\"noopener noreferrer\">Post-folks<\/a><\/p>\n","protected":false},"featured_media":3569,"template":"","meta":{"jetpack_post_was_ever_published":false,"jetpack_publicize_message":"","jetpack_is_tweetstorm":false,"jetpack_publicize_feature_enabled":true,"jetpack_social_post_already_shared":true,"jetpack_social_options":{"image_generator_settings":{"template":"highway","enabled":false}}},"product_cat":[136,155,101,689],"product_tag":[685],"jetpack_publicize_connections":[],"jetpack_sharing_enabled":true,"_links":{"self":[{"href":"https:\/\/lauska.lv\/veikals\/wp-json\/wp\/v2\/product\/3549"}],"collection":[{"href":"https:\/\/lauska.lv\/veikals\/wp-json\/wp\/v2\/product"}],"about":[{"href":"https:\/\/lauska.lv\/veikals\/wp-json\/wp\/v2\/types\/product"}],"wp:featuredmedia":[{"embeddable":true,"href":"https:\/\/lauska.lv\/veikals\/wp-json\/wp\/v2\/media\/3569"}],"wp:attachment":[{"href":"https:\/\/lauska.lv\/veikals\/wp-json\/wp\/v2\/media?parent=3549"}],"wp:term":[{"taxonomy":"product_cat","embeddable":true,"href":"https:\/\/lauska.lv\/veikals\/wp-json\/wp\/v2\/product_cat?post=3549"},{"taxonomy":"product_tag","embeddable":true,"href":"https:\/\/lauska.lv\/veikals\/wp-json\/wp\/v2\/product_tag?post=3549"}],"curies":[{"name":"wp","href":"https:\/\/api.w.org\/{rel}","templated":true}]}}