{"id":3536,"date":"2019-04-08T11:36:20","date_gmt":"2019-04-08T08:36:20","guid":{"rendered":"http:\/\/lauska.lv\/veikals\/?post_type=product&#038;p=3536"},"modified":"2021-01-26T17:27:24","modified_gmt":"2021-01-26T15:27:24","slug":"dzive-un-dzeja","status":"publish","type":"product","link":"https:\/\/lauska.lv\/veikals\/Preces\/dzive-un-dzeja\/","title":{"rendered":"Dz\u012bv\u0113 un dzej\u0101"},"content":{"rendered":"<p>Gr\u0101mat\u0101 apkopoti Te\u0146a Liepi\u0146a dzejo\u013ci, kuri tapu\u0161i da\u017e\u0101dos vi\u0146a dz\u012bves posmos.<\/p>\n<p>Gr\u0101mat\u0101 iek\u013cauti velt\u012bjuma dzejo\u013ci no vi\u0146a m\u0101sas Laumas Zvidri\u0146as un dzejniekiem Ulda B\u0113rzi\u0146a un Leona Brie\u017ea.<\/p>\n<p>Gr\u0101mata m\u012bkstos v\u0101kos 88 lp.<\/p>\n","protected":false},"excerpt":{"rendered":"<p>Autors <a href=\"http:\/\/lauska.lv\/veikals\/liepins-tenis-arvids\/\">Tenis Arv\u012bds Liepi\u0146\u0161<\/a><\/p>\n<p>\u017danrs <a href=\"http:\/\/lauska.lv\/veikals\/literari-diski-un-gramatas\/\">Liter\u0101ri diski un gr\u0101matas<\/a><\/p>\n<p>ISBN 978-9934-8752-3-6<\/p>\n","protected":false},"featured_media":3540,"template":"","meta":{"jetpack_post_was_ever_published":false,"jetpack_publicize_message":"","jetpack_is_tweetstorm":false,"jetpack_publicize_feature_enabled":true,"jetpack_social_post_already_shared":true,"jetpack_social_options":{"image_generator_settings":{"template":"highway","enabled":false}}},"product_cat":[101,688],"product_tag":[685],"jetpack_publicize_connections":[],"jetpack_sharing_enabled":true,"_links":{"self":[{"href":"https:\/\/lauska.lv\/veikals\/wp-json\/wp\/v2\/product\/3536"}],"collection":[{"href":"https:\/\/lauska.lv\/veikals\/wp-json\/wp\/v2\/product"}],"about":[{"href":"https:\/\/lauska.lv\/veikals\/wp-json\/wp\/v2\/types\/product"}],"wp:featuredmedia":[{"embeddable":true,"href":"https:\/\/lauska.lv\/veikals\/wp-json\/wp\/v2\/media\/3540"}],"wp:attachment":[{"href":"https:\/\/lauska.lv\/veikals\/wp-json\/wp\/v2\/media?parent=3536"}],"wp:term":[{"taxonomy":"product_cat","embeddable":true,"href":"https:\/\/lauska.lv\/veikals\/wp-json\/wp\/v2\/product_cat?post=3536"},{"taxonomy":"product_tag","embeddable":true,"href":"https:\/\/lauska.lv\/veikals\/wp-json\/wp\/v2\/product_tag?post=3536"}],"curies":[{"name":"wp","href":"https:\/\/api.w.org\/{rel}","templated":true}]}}