{"id":3523,"date":"2019-04-08T10:01:27","date_gmt":"2019-04-08T07:01:27","guid":{"rendered":"http:\/\/lauska.lv\/veikals\/?post_type=product&#038;p=3523"},"modified":"2019-04-09T13:33:32","modified_gmt":"2019-04-09T10:33:32","slug":"lutsi-rahvalaulud-ludzas-igaunu-dziesmas","status":"publish","type":"product","link":"https:\/\/lauska.lv\/veikals\/Preces\/lutsi-rahvalaulud-ludzas-igaunu-dziesmas\/","title":{"rendered":"Lutsi Rahvalaulud &#8211; Ludzas igau\u0146u dziesmas"},"content":{"rendered":"<p>Ludzas igau\u0146u dziesmas ir unik\u0101la un maz zin\u0101ma Latgales bag\u0101t\u012bg\u0101s folkloras da\u013ca. Ciblas folkloras kopa &#8220;Il\u017ea&#8221; ir izveidojusi dziesmu programmu, pie\u0161\u0137irot jaunu skan\u0113jumu Ludzas igau\u0146u muzik\u0101lajam mantojumam.<\/p>\n<p>Gr\u0101mati\u0146\u0101 public\u0113ti Tartu Universit\u0101tes igau\u0146u valodas v\u0113stures un dialektu profesora Karla Pajusalu p\u0101rskat\u012btie teksti Ludzas igau\u0146u valod\u0101 un liter\u0101raj\u0101 igau\u0146u valod\u0101.<\/p>\n<p>Gr\u0101mati\u0146a ar CD 54 lp.<\/p>\n","protected":false},"excerpt":{"rendered":"<p>M\u0101kslinieks <a href=\"http:\/\/lauska.lv\/veikals\/makslinieki\/ilza\/\">Il\u017ea<\/a><\/p>\n<p>\u017danrs <a href=\"http:\/\/lauska.lv\/veikals\/folklora\/\">Folklora<\/a>, <a href=\"http:\/\/lauska.lv\/veikals\/literari-diski-un-gramatas\/\">Liter\u0101ri diski un gr\u0101matas<\/a><\/p>\n<p>ISBN 978-9934-8752-2-9<\/p>\n","protected":false},"featured_media":3524,"template":"","meta":{"jetpack_post_was_ever_published":false,"jetpack_publicize_message":"","jetpack_is_tweetstorm":false,"jetpack_publicize_feature_enabled":true,"jetpack_social_post_already_shared":true,"jetpack_social_options":{"image_generator_settings":{"template":"highway","enabled":false}}},"product_cat":[151,101],"product_tag":[685],"jetpack_publicize_connections":[],"jetpack_sharing_enabled":true,"_links":{"self":[{"href":"https:\/\/lauska.lv\/veikals\/wp-json\/wp\/v2\/product\/3523"}],"collection":[{"href":"https:\/\/lauska.lv\/veikals\/wp-json\/wp\/v2\/product"}],"about":[{"href":"https:\/\/lauska.lv\/veikals\/wp-json\/wp\/v2\/types\/product"}],"wp:featuredmedia":[{"embeddable":true,"href":"https:\/\/lauska.lv\/veikals\/wp-json\/wp\/v2\/media\/3524"}],"wp:attachment":[{"href":"https:\/\/lauska.lv\/veikals\/wp-json\/wp\/v2\/media?parent=3523"}],"wp:term":[{"taxonomy":"product_cat","embeddable":true,"href":"https:\/\/lauska.lv\/veikals\/wp-json\/wp\/v2\/product_cat?post=3523"},{"taxonomy":"product_tag","embeddable":true,"href":"https:\/\/lauska.lv\/veikals\/wp-json\/wp\/v2\/product_tag?post=3523"}],"curies":[{"name":"wp","href":"https:\/\/api.w.org\/{rel}","templated":true}]}}