{"id":3490,"date":"2019-02-11T20:31:44","date_gmt":"2019-02-11T18:31:44","guid":{"rendered":"http:\/\/lauska.lv\/veikals\/products\/rahu-the-fool\/"},"modified":"2019-02-11T21:13:31","modified_gmt":"2019-02-11T19:13:31","slug":"rahu-the-fool","status":"publish","type":"product","link":"https:\/\/lauska.lv\/veikals\/products\/rahu-the-fool\/?lang=en","title":{"rendered":"Rahu The Fool"},"content":{"rendered":"<p>The double album was inspired by musicians such as &#8220;Br\u0101\u013ci Laivinieki&#8221;, Edgars Liepi\u0146\u0161, Imants Kalni\u0146\u0161, &#8220;Blind Boy Fuller&#8221; and &#8220;Memphis Jug Band&#8221;. The first CD features Latvian popular songs, dances from neighbouring countries, shanties and popular songs from Latvian movies. The second album features traditional Jazz, Missisippi Blues and Western Folkmusic.<\/p>\n<p>&#8220;Inspired by grandfathers stories of love and war, the seas and meadows.&#8221;<\/p>\n<p>&nbsp;<\/p>\n","protected":false},"excerpt":{"rendered":"<p><b>Artist\u00a0<\/b><a href=\"http:\/\/lauska.lv\/veikals\/makslinieki\/rahu-the-fool\/\">Rahu the Fool<\/a><\/p>\n<p><b>Genre\u00a0<\/b><a href=\"http:\/\/lauska.lv\/veikals\/post-folks\/\">Post-Folk<\/a><\/p>\n","protected":false},"featured_media":3488,"template":"","meta":{"jetpack_post_was_ever_published":false,"jetpack_publicize_message":"","jetpack_is_tweetstorm":false,"jetpack_publicize_feature_enabled":true,"jetpack_social_post_already_shared":true,"jetpack_social_options":{"image_generator_settings":{"template":"highway","enabled":false}}},"product_cat":[354,512],"product_tag":[94],"jetpack_publicize_connections":[],"jetpack_sharing_enabled":true,"_links":{"self":[{"href":"https:\/\/lauska.lv\/veikals\/wp-json\/wp\/v2\/product\/3490"}],"collection":[{"href":"https:\/\/lauska.lv\/veikals\/wp-json\/wp\/v2\/product"}],"about":[{"href":"https:\/\/lauska.lv\/veikals\/wp-json\/wp\/v2\/types\/product"}],"wp:featuredmedia":[{"embeddable":true,"href":"https:\/\/lauska.lv\/veikals\/wp-json\/wp\/v2\/media\/3488"}],"wp:attachment":[{"href":"https:\/\/lauska.lv\/veikals\/wp-json\/wp\/v2\/media?parent=3490"}],"wp:term":[{"taxonomy":"product_cat","embeddable":true,"href":"https:\/\/lauska.lv\/veikals\/wp-json\/wp\/v2\/product_cat?post=3490"},{"taxonomy":"product_tag","embeddable":true,"href":"https:\/\/lauska.lv\/veikals\/wp-json\/wp\/v2\/product_tag?post=3490"}],"curies":[{"name":"wp","href":"https:\/\/api.w.org\/{rel}","templated":true}]}}