{"id":3485,"date":"2019-02-11T20:31:44","date_gmt":"2019-02-11T18:31:44","guid":{"rendered":"http:\/\/lauska.lv\/veikals\/?post_type=product&#038;p=3485"},"modified":"2024-12-06T10:47:38","modified_gmt":"2024-12-06T08:47:38","slug":"rahu-the-fool","status":"publish","type":"product","link":"https:\/\/lauska.lv\/veikals\/Preces\/rahu-the-fool\/","title":{"rendered":"Rahu The Fool"},"content":{"rendered":"<p>Albuma skan\u0113jumu iedvesmoju\u0161i t\u0101di m\u016bzi\u0137i k\u0101 &#8220;Br\u0101\u013ci Laivinieki&#8221;, Edgars Liepi\u0146\u0161, Imants Kalni\u0146\u0161, &#8220;Blind Boy Fuller&#8221; un &#8220;Memphis Jug Band&#8221;, savuk\u0101rt viesm\u0101kslinieka lom\u0101 iejuties profesion\u0101lais skeitbordists Madars Apse.<\/p>\n<p>&#8220;Divu gadu ilgais darbs nu ir pietuvojies fini\u0161a taisnei un gala rezult\u0101t\u0101 ieguvis dubultalbuma aprises. Katr\u0101 no t\u0101 da\u013c\u0101m ir 14 ska\u0146darbi: gan latvie\u0161u tautas un popul\u0101r\u0101s dziesmas, gan Misisipi ietekas re\u0123ionam rakstur\u012bgi gabali. \u0160is albums ir oda m\u016bsu vect\u0113vu st\u0101stiem par j\u016br\u0101m, karu, m\u012blest\u012bbu un mieru,&#8221; st\u0101sta J\u0101zeps Podnieks, kur\u0161 grup\u0101 sp\u0113l\u0113 ve\u013cas d\u0113li.<\/p>\n<p>Dubultalbuma nosaukums ir t\u0101ds pats k\u0101 grupai \u2014 &#8220;Rahu The Fool&#8221;. Pirm\u0101 kompaktdiska &#8220;Rahu&#8221; saturs ir latvie\u0161u zi\u0146\u0123es, kaimi\u0146tautu dejas, tautasdziesmas, j\u016brnieku dziesmas un ska\u0146darbi no Rolanda Kalni\u0146a 1967. gada m\u0101kslas filmas &#8220;Elpojiet dzi\u013ci&#8221;. Otrais kompaktdisks &#8220;The Fool&#8221; sast\u0101v no tradicion\u0101l\u0101 d\u017eeza, Misisipi bl\u016bza un rietumu folkm\u016bzikas. Katr\u0101 disk\u0101 ir 14 ska\u0146darbi \u2013 gan ori\u0123in\u0101lkompoz\u012bcijas, gan kaverversijas, gan ar\u012b tautas m\u016bzikas aran\u017e\u0113jumi.<\/p>\n","protected":false},"excerpt":{"rendered":"<p><strong>Izpild\u012bt\u0101js<\/strong> <a href=\"http:\/\/lauska.lv\/veikals\/makslinieki\/rahu-the-fool\/\">Rahu the Fool<\/a><\/p>\n<p><strong>\u017danrs<\/strong>\u00a0<a href=\"http:\/\/lauska.lv\/veikals\/post-folks\/\">Post-folks<\/a><\/p>\n","protected":false},"featured_media":3487,"template":"","meta":{"jetpack_post_was_ever_published":false,"jetpack_publicize_message":"","jetpack_is_tweetstorm":false,"jetpack_publicize_feature_enabled":true,"jetpack_social_post_already_shared":true,"jetpack_social_options":{"image_generator_settings":{"template":"highway","enabled":false}}},"product_cat":[252,196],"product_tag":[47],"jetpack_publicize_connections":[],"jetpack_sharing_enabled":true,"_links":{"self":[{"href":"https:\/\/lauska.lv\/veikals\/wp-json\/wp\/v2\/product\/3485"}],"collection":[{"href":"https:\/\/lauska.lv\/veikals\/wp-json\/wp\/v2\/product"}],"about":[{"href":"https:\/\/lauska.lv\/veikals\/wp-json\/wp\/v2\/types\/product"}],"wp:featuredmedia":[{"embeddable":true,"href":"https:\/\/lauska.lv\/veikals\/wp-json\/wp\/v2\/media\/3487"}],"wp:attachment":[{"href":"https:\/\/lauska.lv\/veikals\/wp-json\/wp\/v2\/media?parent=3485"}],"wp:term":[{"taxonomy":"product_cat","embeddable":true,"href":"https:\/\/lauska.lv\/veikals\/wp-json\/wp\/v2\/product_cat?post=3485"},{"taxonomy":"product_tag","embeddable":true,"href":"https:\/\/lauska.lv\/veikals\/wp-json\/wp\/v2\/product_tag?post=3485"}],"curies":[{"name":"wp","href":"https:\/\/api.w.org\/{rel}","templated":true}]}}