{"id":3424,"date":"2018-11-29T16:26:56","date_gmt":"2018-11-29T14:26:56","guid":{"rendered":"http:\/\/lauska.lv\/veikals\/?post_type=product&#038;p=3424"},"modified":"2018-11-29T16:48:13","modified_gmt":"2018-11-29T14:48:13","slug":"laika-gaita","status":"publish","type":"product","link":"https:\/\/lauska.lv\/veikals\/Preces\/laika-gaita\/","title":{"rendered":"Laika gait\u0101"},"content":{"rendered":"<p>Nameja Kalni\u0146a latvie\u0161u tautas m\u016bzikas instrumenta kokles ori\u0123in\u0101lkompoz\u012bcijas radu\u0161\u0101s iespaidojoties gan no tautasdziesm\u0101m, gan m\u016bsdienu m\u016bzikas un m\u0113\u0123inot atk\u0101rtot seno kokles skan\u0113jumu, kas liek savi\u013c\u0146oties katra latvie\u0161a sirdij. Ja ar\u012b J\u016bs neatst\u0101j vienaldz\u012bgu \u0161\u012b m\u016bzika, tad ziniet, ka J\u016bsos ir latvie\u0161a g\u0113ns, neatkar\u012bgi no kuras pasaules malas n\u0101kat.<\/p>\n","protected":false},"excerpt":{"rendered":"<p><strong>M\u0101kslinieks<\/strong> <a href=\"http:\/\/lauska.lv\/veikals\/makslinieki\/namejs-kalnins\/\" target=\"_blank\" rel=\"noopener\">Namejs Kalni\u0146\u0161<\/a><\/p>\n<p><strong>\u017danrs<\/strong> <a href=\"http:\/\/lauska.lv\/veikals\/post-folks\/\" target=\"_blank\" rel=\"noopener\">Post-folks<\/a><\/p>\n","protected":false},"featured_media":3425,"template":"","meta":{"jetpack_post_was_ever_published":false,"jetpack_publicize_message":"","jetpack_is_tweetstorm":false,"jetpack_publicize_feature_enabled":true,"jetpack_social_post_already_shared":true,"jetpack_social_options":{"image_generator_settings":{"template":"highway","enabled":false}}},"product_cat":[101,682,252,249],"product_tag":[47],"jetpack_publicize_connections":[],"jetpack_sharing_enabled":true,"_links":{"self":[{"href":"https:\/\/lauska.lv\/veikals\/wp-json\/wp\/v2\/product\/3424"}],"collection":[{"href":"https:\/\/lauska.lv\/veikals\/wp-json\/wp\/v2\/product"}],"about":[{"href":"https:\/\/lauska.lv\/veikals\/wp-json\/wp\/v2\/types\/product"}],"wp:featuredmedia":[{"embeddable":true,"href":"https:\/\/lauska.lv\/veikals\/wp-json\/wp\/v2\/media\/3425"}],"wp:attachment":[{"href":"https:\/\/lauska.lv\/veikals\/wp-json\/wp\/v2\/media?parent=3424"}],"wp:term":[{"taxonomy":"product_cat","embeddable":true,"href":"https:\/\/lauska.lv\/veikals\/wp-json\/wp\/v2\/product_cat?post=3424"},{"taxonomy":"product_tag","embeddable":true,"href":"https:\/\/lauska.lv\/veikals\/wp-json\/wp\/v2\/product_tag?post=3424"}],"curies":[{"name":"wp","href":"https:\/\/api.w.org\/{rel}","templated":true}]}}