{"id":3388,"date":"2018-11-23T11:49:55","date_gmt":"2018-11-23T09:49:55","guid":{"rendered":"http:\/\/lauska.lv\/veikals\/?post_type=product&#038;p=3388"},"modified":"2019-01-31T13:25:44","modified_gmt":"2019-01-31T11:25:44","slug":"jurd-saknes-roots","status":"publish","type":"product","link":"https:\/\/lauska.lv\/veikals\/Preces\/jurd-saknes-roots\/","title":{"rendered":"J\u016brd. Saknes. Roots"},"content":{"rendered":"<p>Saulkrastu jauktais koris ANIMA kop\u0101 ar domubiedriem ir rad\u012bju\u0161i m\u016bzikas albumu, kur\u0101 apzina savas saknes un savu kult\u016bras mantojumu. Ska\u0146darbi atspogu\u013co l\u012bbie\u0161u un vi\u0146u Latvij\u0101 dz\u012bvojo\u0161o radu tautu nepieradin\u0101to kult\u016bru. Album\u0101 iek\u013cautaj\u0101s tautas dziesmu apdar\u0113s un ori\u0123in\u0101lkompoz\u012bcijas eklektiski apvienojas kora, tautas un pasaules m\u016bzikas elementi.<\/p>\n","protected":false},"excerpt":{"rendered":"<p><strong>M\u0101kslinieki\u00a0<\/strong> <a href=\"http:\/\/lauska.lv\/veikals\/makslinieki\/anima-saulkrastu-jauktais-koris\/\" target=\"_blank\" rel=\"noopener\">Saulkrastu jauktais koris ANIMA<\/a>, U\u0123is Prauli\u0146\u0161,\u00a0<a href=\"http:\/\/lauska.lv\/veikals\/makslinieki\/jansone-laima\/\" target=\"_blank\" rel=\"noopener\">Laima Jansone<\/a><\/p>\n<p><strong>\u017danri<\/strong> <a href=\"http:\/\/lauska.lv\/veikals\/kormuzika\/\" target=\"_blank\" rel=\"noopener\">Korm\u016bzika<\/a>, <a href=\"http:\/\/lauska.lv\/veikals\/post-folks\/\" target=\"_blank\" rel=\"noopener\">Post-folks<\/a><\/p>\n","protected":false},"featured_media":3389,"template":"","meta":{"jetpack_post_was_ever_published":false,"jetpack_publicize_message":"","jetpack_is_tweetstorm":false,"jetpack_publicize_feature_enabled":true,"jetpack_social_post_already_shared":true,"jetpack_social_options":{"image_generator_settings":{"template":"highway","enabled":false}}},"product_cat":[672,155,101,677,252,249],"product_tag":[47],"jetpack_publicize_connections":[],"jetpack_sharing_enabled":true,"_links":{"self":[{"href":"https:\/\/lauska.lv\/veikals\/wp-json\/wp\/v2\/product\/3388"}],"collection":[{"href":"https:\/\/lauska.lv\/veikals\/wp-json\/wp\/v2\/product"}],"about":[{"href":"https:\/\/lauska.lv\/veikals\/wp-json\/wp\/v2\/types\/product"}],"wp:featuredmedia":[{"embeddable":true,"href":"https:\/\/lauska.lv\/veikals\/wp-json\/wp\/v2\/media\/3389"}],"wp:attachment":[{"href":"https:\/\/lauska.lv\/veikals\/wp-json\/wp\/v2\/media?parent=3388"}],"wp:term":[{"taxonomy":"product_cat","embeddable":true,"href":"https:\/\/lauska.lv\/veikals\/wp-json\/wp\/v2\/product_cat?post=3388"},{"taxonomy":"product_tag","embeddable":true,"href":"https:\/\/lauska.lv\/veikals\/wp-json\/wp\/v2\/product_tag?post=3388"}],"curies":[{"name":"wp","href":"https:\/\/api.w.org\/{rel}","templated":true}]}}