{"id":3384,"date":"2018-11-23T11:22:12","date_gmt":"2018-11-23T09:22:12","guid":{"rendered":"http:\/\/lauska.lv\/veikals\/?post_type=product&#038;p=3384"},"modified":"2018-11-23T11:22:12","modified_gmt":"2018-11-23T09:22:12","slug":"suitu-novada-mantojums-danci","status":"publish","type":"product","link":"https:\/\/lauska.lv\/veikals\/Preces\/suitu-novada-mantojums-danci\/","title":{"rendered":"Suitu novada mantojums &#8211; dan\u010di"},"content":{"rendered":"<p>Vien\u0101 izdevum\u0101 apkopotas gan iepriek\u0161 public\u0113tas un vair\u0101kk\u0101rt p\u0101rpublic\u0113tas, gan v\u0113l nepublic\u0113tas suitu novada dejas &#8211; gr\u0101mat\u0101 ietvertas zi\u0146as par 32 deju izvedumiem. Tur iek\u013cauti ar\u012b da\u013c\u0113ji deju pieraksti vai apraksti, vai pat deju piemin\u0113jumi, l\u016bkojot tos papildin\u0101t ar zi\u0146\u0101m no tuv\u0101kajiem re\u0123ioniem, Public\u0113ts izv\u0113rsts deju melodiju kr\u0101jums. Deju aprakstus un m\u016bziku papildina ar\u012b izv\u0113rsti koment\u0101ri, kuros apkopots viss zin\u0101mais, nojau\u0161amais vai minamais par public\u0113taj\u0101m dej\u0101m. Gr\u0101matas s\u0101kum\u0101 apkopotas zi\u0146as par dejo\u0161anu da\u017e\u0101dos sv\u0113tkos, k\u0101 ar\u012b tautasdziesmu teksti par dejo\u0161anu.<\/p>\n<p>Gr\u0101mata (148 lpp.) latvie\u0161u valod\u0101.<\/p>\n","protected":false},"excerpt":{"rendered":"<p><strong>Autors<\/strong> <a href=\"http:\/\/lauska.lv\/veikals\/makslinieki\/nastevica-dace\/\" target=\"_blank\" rel=\"noopener\">Dace Nastevi\u010da<\/a><\/p>\n<p><strong>\u017danrs<\/strong> <a href=\"http:\/\/lauska.lv\/veikals\/literari-diski-un-gramatas\/\" target=\"_blank\" rel=\"noopener\">Liter\u0101ri diski un gr\u0101matas<\/a><\/p>\n<p><strong>ISBN<\/strong> 978-9934-8752-0-5<\/p>\n","protected":false},"featured_media":3385,"template":"","meta":{"jetpack_post_was_ever_published":false,"jetpack_publicize_message":"","jetpack_is_tweetstorm":false,"jetpack_publicize_feature_enabled":true,"jetpack_social_post_already_shared":true,"jetpack_social_options":{"image_generator_settings":{"template":"highway","enabled":false}}},"product_cat":[101,251,673],"product_tag":[47],"jetpack_publicize_connections":[],"jetpack_sharing_enabled":true,"_links":{"self":[{"href":"https:\/\/lauska.lv\/veikals\/wp-json\/wp\/v2\/product\/3384"}],"collection":[{"href":"https:\/\/lauska.lv\/veikals\/wp-json\/wp\/v2\/product"}],"about":[{"href":"https:\/\/lauska.lv\/veikals\/wp-json\/wp\/v2\/types\/product"}],"wp:featuredmedia":[{"embeddable":true,"href":"https:\/\/lauska.lv\/veikals\/wp-json\/wp\/v2\/media\/3385"}],"wp:attachment":[{"href":"https:\/\/lauska.lv\/veikals\/wp-json\/wp\/v2\/media?parent=3384"}],"wp:term":[{"taxonomy":"product_cat","embeddable":true,"href":"https:\/\/lauska.lv\/veikals\/wp-json\/wp\/v2\/product_cat?post=3384"},{"taxonomy":"product_tag","embeddable":true,"href":"https:\/\/lauska.lv\/veikals\/wp-json\/wp\/v2\/product_tag?post=3384"}],"curies":[{"name":"wp","href":"https:\/\/api.w.org\/{rel}","templated":true}]}}