{"id":3379,"date":"2018-11-23T10:48:56","date_gmt":"2018-11-23T08:48:56","guid":{"rendered":"http:\/\/lauska.lv\/veikals\/products\/karaviru-audzinaj\/"},"modified":"2018-11-29T11:08:03","modified_gmt":"2018-11-29T09:08:03","slug":"karaviru-audzinaj","status":"publish","type":"product","link":"https:\/\/lauska.lv\/veikals\/Preces\/karaviru-audzinaj\/","title":{"rendered":"Karav\u012bru audzin\u0101j`"},"content":{"rendered":"<p>\u0160aj\u0101 album\u0101 apkopotas jaun\u0101kas un sen\u0101kas Vilka\u010du apdares latvie\u0161u tautasdziesm\u0101m par karav\u012bru da\u017e\u0101d\u0101s t\u0101 dz\u012bves izpausm\u0113s.<\/p>\n<p>Karav\u012brs ir, bija un b\u016bs ikvienas valsts br\u012bv\u012bbas un neatkar\u012bbas garants. Agr\u0101kos laikos ikvienam, neatkar\u012bgi no nodarbo\u0161an\u0101s, bija j\u0101b\u016bt gatavam jebkur\u0101 br\u012bd\u012b celties un aizst\u0101v\u0113t savu un savas \u0123imenes, un tautas br\u012bv\u012bbu. Vilka\u010du uzskata, ka, neatkar\u012bgi no laikmeta un situ\u0101cijas, godpr\u0101t\u012bgs karav\u012brs ir cien\u012bjams un god\u0101jams visos laikos.<\/p>\n<p>M\u0113s savu godu \u0161iem varo\u0146iem atdodam, tos daudzinot dziesm\u0101s.<\/p>\n<p>&nbsp;<\/p>\n","protected":false},"excerpt":{"rendered":"<p><b>M\u0101kslinieks\u00a0<\/b><a href=\"http:\/\/lauska.lv\/veikals\/makslinieki\/vilkaci\/\" target=\"_blank\" rel=\"noopener\">Vilka\u010di<\/a><\/p>\n<p><b>\u017danri\u00a0<\/b><a href=\"http:\/\/lauska.lv\/veikals\/folklora\/\" target=\"_blank\" rel=\"noopener\">Folklora<\/a>, <a href=\"http:\/\/lauska.lv\/veikals\/post-folks\/\" target=\"_blank\" rel=\"noopener\">Post-folks<\/a><\/p>\n","protected":false},"featured_media":3416,"template":"","meta":{"jetpack_post_was_ever_published":false,"jetpack_publicize_message":"","jetpack_is_tweetstorm":false,"jetpack_publicize_feature_enabled":true,"jetpack_social_post_already_shared":true,"jetpack_social_options":{"image_generator_settings":{"template":"highway","enabled":false}}},"product_cat":[250,252,240,249],"product_tag":[47],"jetpack_publicize_connections":[],"jetpack_sharing_enabled":true,"_links":{"self":[{"href":"https:\/\/lauska.lv\/veikals\/wp-json\/wp\/v2\/product\/3379"}],"collection":[{"href":"https:\/\/lauska.lv\/veikals\/wp-json\/wp\/v2\/product"}],"about":[{"href":"https:\/\/lauska.lv\/veikals\/wp-json\/wp\/v2\/types\/product"}],"wp:featuredmedia":[{"embeddable":true,"href":"https:\/\/lauska.lv\/veikals\/wp-json\/wp\/v2\/media\/3416"}],"wp:attachment":[{"href":"https:\/\/lauska.lv\/veikals\/wp-json\/wp\/v2\/media?parent=3379"}],"wp:term":[{"taxonomy":"product_cat","embeddable":true,"href":"https:\/\/lauska.lv\/veikals\/wp-json\/wp\/v2\/product_cat?post=3379"},{"taxonomy":"product_tag","embeddable":true,"href":"https:\/\/lauska.lv\/veikals\/wp-json\/wp\/v2\/product_tag?post=3379"}],"curies":[{"name":"wp","href":"https:\/\/api.w.org\/{rel}","templated":true}]}}