{"id":3332,"date":"2018-11-05T09:47:49","date_gmt":"2018-11-05T07:47:49","guid":{"rendered":"http:\/\/lauska.lv\/veikals\/?post_type=product&#038;p=3332"},"modified":"2018-11-05T09:49:56","modified_gmt":"2018-11-05T07:49:56","slug":"samtaina-tumsa","status":"publish","type":"product","link":"https:\/\/lauska.lv\/veikals\/Preces\/samtaina-tumsa\/","title":{"rendered":"SAMTAIN\u0100 TUMSA"},"content":{"rendered":"<p>LEILALI debijas albums \u201eSAMTAIN\u0100 TUMSA\u201d ir neparasti izdzied\u0101tas, cit\u0101d\u0101kas dv\u0113seles \u0161\u016bpu\u013cdziesmas. Seni dzied\u0101jumi v\u0113l nedzird\u0113t\u0101 skan\u0113jum\u0101 un interpret\u0101cij\u0101, kas ieaij\u0101, mierina un veldz\u0113 dv\u0113seli, aizvedot lielus un mazus dzi\u013ci, dzi\u013ci iek\u0161pus\u0113 \u2013 pie vispaties\u0101k\u0101 sevis. Dzied\u0101jumu papildina sp\u0113ka v\u0101rdi un st\u0101sti, ko pal\u012bdz\u0113jusi ie\u010dukst\u0113t augu sieva ININ NINI.<\/p>\n<p>Albuma koncepts ir interpret\u0113tas \u0161\u016bpu\u013cdziesmas no da\u017e\u0101d\u0101m pasaules mal\u0101m. \u0160upu\u013cdziesmu skan\u0113jums izv\u0113l\u0113ts, jo t\u0101s ir k\u0101 robe\u017ea starp miegu un nomodu, starp realit\u0101ti un sap\u0146iem, starp b\u016b\u0161anu pieaugu\u0161am un aizvien v\u0113l b\u0113rnam.<\/p>\n<p>Dzied\u0101t\u0101ja Leila Alijeva saka: \u201eT\u0101s ir dziesmas, kas ie\u017e\u016b\u017eo aizlaiku transa st\u0101vokl\u012b, kad robe\u017ea starp iek\u0161\u0113jo un \u0101r\u0113jo k\u013c\u016bst \u013coti trausla un izgaismojas ikdien\u0101 netveramais. \u0160\u016bpu\u013cdziesmas izsenis biju\u0161as instruments, k\u0101 cilv\u0113ks ieaij\u0101ts mier\u0101 un m\u012blest\u012bb\u0101, sniedzot dro\u0161\u012bbas un patv\u0113ruma saj\u016btu, iedvesmojot savienoties ar visdzi\u013c\u0101ko iek\u0161\u0113jo pasauli.\u201d<\/p>\n<p>&#8220;\u0160is ir \u013coti sp\u0113c\u012bgs muzik\u0101ls piedz\u012bvojums, jo nepastarpin\u0101ti n\u0101cis un izdz\u012bvots\u00a0 Augu ceremonij\u0101s pa\u0161m\u0101j\u0101s un citur pasaul\u0113. Tas ir veids, k\u0101 ar skan\u0113jumu pateikt paldies par m\u016bsu pa\u0161u dziedin\u0101jumu un rado\u0161\u0101 veid\u0101 sniegt to t\u0101l\u0101k pasaulei, M\u0113s v\u0113lamies, lai tas k\u013c\u016bst par instrumentu, ar kura pal\u012bdz\u012bbu mierin\u0101jumu un iedvesmu var g\u016bt ikkatrs, kur\u0161 ir gatavs veidot saikni ar Dv\u0113seli, &#8221; bilst augu sieva ININ NINI.<\/p>\n","protected":false},"excerpt":{"rendered":"<p><strong>M\u0101kslinieks<\/strong> <a href=\"http:\/\/lauska.lv\/veikals\/makslinieki\/leilali\/\" target=\"_blank\" rel=\"noopener\">LEILALI<\/a><\/p>\n<p><strong>\u017danrs<\/strong> <a href=\"http:\/\/lauska.lv\/veikals\/dziesminieki-autormuzika\/\" target=\"_blank\" rel=\"noopener\">Dziesminieki \/ Autorm\u016bzika<\/a><\/p>\n","protected":false},"featured_media":3333,"template":"","meta":{"jetpack_post_was_ever_published":false,"jetpack_publicize_message":"","jetpack_is_tweetstorm":false,"jetpack_publicize_feature_enabled":true,"jetpack_social_post_already_shared":true,"jetpack_social_options":{"image_generator_settings":{"template":"highway","enabled":false}}},"product_cat":[118,49,101,252,249],"product_tag":[47],"jetpack_publicize_connections":[],"jetpack_sharing_enabled":true,"_links":{"self":[{"href":"https:\/\/lauska.lv\/veikals\/wp-json\/wp\/v2\/product\/3332"}],"collection":[{"href":"https:\/\/lauska.lv\/veikals\/wp-json\/wp\/v2\/product"}],"about":[{"href":"https:\/\/lauska.lv\/veikals\/wp-json\/wp\/v2\/types\/product"}],"wp:featuredmedia":[{"embeddable":true,"href":"https:\/\/lauska.lv\/veikals\/wp-json\/wp\/v2\/media\/3333"}],"wp:attachment":[{"href":"https:\/\/lauska.lv\/veikals\/wp-json\/wp\/v2\/media?parent=3332"}],"wp:term":[{"taxonomy":"product_cat","embeddable":true,"href":"https:\/\/lauska.lv\/veikals\/wp-json\/wp\/v2\/product_cat?post=3332"},{"taxonomy":"product_tag","embeddable":true,"href":"https:\/\/lauska.lv\/veikals\/wp-json\/wp\/v2\/product_tag?post=3332"}],"curies":[{"name":"wp","href":"https:\/\/api.w.org\/{rel}","templated":true}]}}