{"id":3316,"date":"2018-10-17T19:43:25","date_gmt":"2018-10-17T16:43:25","guid":{"rendered":"http:\/\/lauska.lv\/veikals\/?post_type=product&#038;p=3316"},"modified":"2021-01-26T17:24:58","modified_gmt":"2021-01-26T15:24:58","slug":"folk-great-tunes-from-latvia","status":"publish","type":"product","link":"https:\/\/lauska.lv\/veikals\/Preces\/folk-great-tunes-from-latvia\/","title":{"rendered":"Folk &#038; great Tunes from Latvia"},"content":{"rendered":"<p>Izdevniec\u012bbai \u201cLauska\u201d \u0161ogad ir izveidojusies ra\u017e\u012bga sadarb\u012bba ar v\u0101cu izdevniec\u012bbu \u201cCPL Music\u201d k\u0101 rezult\u0101t\u0101 ir izdots dubultalbums \u201cFolk &amp; great Tunes from Latvia\u201d, kur\u0101 ir iek\u013cautas liela da\u013ca Latvijas postfolkloras jom\u0101 akt\u012bvas muzik\u0101las grupas, tostarp Zari, Raxtu Raxti, Lata Donga, R\u0101va, ZeMe, Jauno J\u0101\u0146u Or\u0137estris un citi.<\/p>\n","protected":false},"excerpt":{"rendered":"<p><strong>M\u0101kslinieki<\/strong> da\u017e\u0101di<\/p>\n<p><strong>\u017danrs<\/strong> <a href=\"http:\/\/lauska.lv\/veikals\/post-folks\/\">Post-folks<\/a><\/p>\n","protected":false},"featured_media":3317,"template":"","meta":{"jetpack_post_was_ever_published":false,"jetpack_publicize_message":"","jetpack_is_tweetstorm":false,"jetpack_publicize_feature_enabled":true,"jetpack_social_post_already_shared":true,"jetpack_social_options":{"image_generator_settings":{"template":"highway","enabled":false}}},"product_cat":[15,119,122,114,136,150,151,152,155,158,101,167,168,182,252,196,198,199,207,222,224,230,249,245],"product_tag":[47],"jetpack_publicize_connections":[],"jetpack_sharing_enabled":true,"_links":{"self":[{"href":"https:\/\/lauska.lv\/veikals\/wp-json\/wp\/v2\/product\/3316"}],"collection":[{"href":"https:\/\/lauska.lv\/veikals\/wp-json\/wp\/v2\/product"}],"about":[{"href":"https:\/\/lauska.lv\/veikals\/wp-json\/wp\/v2\/types\/product"}],"wp:featuredmedia":[{"embeddable":true,"href":"https:\/\/lauska.lv\/veikals\/wp-json\/wp\/v2\/media\/3317"}],"wp:attachment":[{"href":"https:\/\/lauska.lv\/veikals\/wp-json\/wp\/v2\/media?parent=3316"}],"wp:term":[{"taxonomy":"product_cat","embeddable":true,"href":"https:\/\/lauska.lv\/veikals\/wp-json\/wp\/v2\/product_cat?post=3316"},{"taxonomy":"product_tag","embeddable":true,"href":"https:\/\/lauska.lv\/veikals\/wp-json\/wp\/v2\/product_tag?post=3316"}],"curies":[{"name":"wp","href":"https:\/\/api.w.org\/{rel}","templated":true}]}}