{"id":3304,"date":"2018-10-10T11:30:06","date_gmt":"2018-10-10T08:30:06","guid":{"rendered":"http:\/\/lauska.lv\/veikals\/products\/ass-self-destructive-2\/"},"modified":"2018-10-10T11:50:59","modified_gmt":"2018-10-10T08:50:59","slug":"ass-self-destructive-2","status":"publish","type":"product","link":"https:\/\/lauska.lv\/veikals\/Preces\/ass-self-destructive-2\/","title":{"rendered":"ASS \/self-destructive"},"content":{"rendered":"<p>Imants Daksis &#8211; ekspres\u012bvs, ekstravagants un vienm\u0113r main\u012bgs &#8211; unik\u0101la par\u0101d\u012bba Latvijas m\u016bzik\u0101, kas lau\u017e ierastos priek\u0161status par j\u0113dzienu &#8220;dziesminieks&#8221;.<br \/>\nAlbums &#8220;Ass&#8221; ir 12 Imanta Dak\u0161a sarakst\u012btu dziesmu kompoz\u012bcija, kas balans\u0113 starp post-punk un psihed\u0113lisko roku un ir ierakst\u012bts piln\u0101 instrument\u0101cij\u0101.<br \/>\n&#8220;\u0160is albums ir st\u0101sts par vistum\u0161\u0101ko dz\u012bves nosl\u0113pumu \u2013 pa\u0161destrukcijas br\u012bnumu, \u013cau\u0161anos izn\u012bcino\u0161ai ekst\u0101zei, sak\u0101pin\u0101tai baudai, kas cilv\u0113cisku b\u016btni noved atkar\u012bbas g\u016bst\u0101.<br \/>\nKatra dziesma ir k\u0101da sevis un sava st\u0101vok\u013ca apzin\u0101\u0161an\u0101s f\u0101ze skarbas, bet reiz\u0113 t\u0113lainas un skumjas m\u016bzikas piestr\u0101vot\u0101 album\u0101, kur skaudra cer\u012bba br\u012b\u017eiem robe\u017eojas ar gal\u0113ju sabrukumu.<br \/>\nPa vidu \u2013 liriska atk\u0101pe. M\u012blest\u012bba var visu, m\u012blest\u012bba sp\u0113j piedot. Iesp\u0113jams, m\u012blest\u012bba sp\u0113j motiv\u0113t. Cik ilgi? Kur ir robe\u017ea? Robe\u017eu nav. \u0160is ir st\u0101sts, kura robe\u017eas rad\u0101m m\u0113s pa\u0161i. Katrs pats\u2026&#8221;<\/p>\n","protected":false},"excerpt":{"rendered":"<p><b>M\u0101kslinieks\u00a0<\/b><a href=\"http:\/\/lauska.lv\/veikals\/makslinieki\/daksis-imants\/\" target=\"_blank\" rel=\"noopener\">Imants Daksis<\/a><\/p>\n<p><b>\u017danri\u00a0<\/b><a href=\"http:\/\/lauska.lv\/veikals\/dziesminieki-autormuzika\/\">Dziesminieks \/ Autorm\u016bzika<\/a>, <a href=\"http:\/\/lauska.lv\/veikals\/roks-pops\/\">Roks \/ Pops<\/a><\/p>\n","protected":false},"featured_media":3299,"template":"","meta":{"jetpack_post_was_ever_published":false,"jetpack_publicize_message":"","jetpack_is_tweetstorm":false,"jetpack_publicize_feature_enabled":true,"jetpack_social_post_already_shared":true,"jetpack_social_options":{"image_generator_settings":{"template":"highway","enabled":false}}},"product_cat":[133,49,101,253,249],"product_tag":[47],"jetpack_publicize_connections":[],"jetpack_sharing_enabled":true,"_links":{"self":[{"href":"https:\/\/lauska.lv\/veikals\/wp-json\/wp\/v2\/product\/3304"}],"collection":[{"href":"https:\/\/lauska.lv\/veikals\/wp-json\/wp\/v2\/product"}],"about":[{"href":"https:\/\/lauska.lv\/veikals\/wp-json\/wp\/v2\/types\/product"}],"wp:featuredmedia":[{"embeddable":true,"href":"https:\/\/lauska.lv\/veikals\/wp-json\/wp\/v2\/media\/3299"}],"wp:attachment":[{"href":"https:\/\/lauska.lv\/veikals\/wp-json\/wp\/v2\/media?parent=3304"}],"wp:term":[{"taxonomy":"product_cat","embeddable":true,"href":"https:\/\/lauska.lv\/veikals\/wp-json\/wp\/v2\/product_cat?post=3304"},{"taxonomy":"product_tag","embeddable":true,"href":"https:\/\/lauska.lv\/veikals\/wp-json\/wp\/v2\/product_tag?post=3304"}],"curies":[{"name":"wp","href":"https:\/\/api.w.org\/{rel}","templated":true}]}}