{"id":2928,"date":"2018-09-12T09:20:20","date_gmt":"2018-09-12T06:20:20","guid":{"rendered":"http:\/\/lauska.lv\/veikalsbeta\/products\/paganu-gadagramata\/"},"modified":"2018-11-23T12:33:36","modified_gmt":"2018-11-23T10:33:36","slug":"paganu-gadagramata","status":"publish","type":"product","link":"https:\/\/lauska.lv\/veikals\/products\/paganu-gadagramata\/?lang=en","title":{"rendered":"Pag\u0101nu gadagr\u0101mata"},"content":{"rendered":"<p>Song cycle &#8220;Pagan Yearbook&#8221; by composer and multi instrumentalist U\u0123is Prauli\u0146\u0161 was first released in 1998. Now, 20 years later, in response to the initiative of Artistic director of Riga Technical University male choir &#8220;Gaudeamus&#8221; the cycle has gained a different, more powerful and fresh sound. The current version is arranged for male voices, soloists and ethno-rock band.<\/p>\n<p>The Pagan Yearbook is a song cycle reflecting the constantly changing seasons as observed in the countryside, at places seldom visited these days &#8211; by rivers that run day and night, by a sea that surges in a life of its own, wildflower meadows that are habitats for birds, and forests that are sanctuaries to wild animals.<\/p>\n","protected":false},"excerpt":{"rendered":"<p><b>Artist\u00a0<\/b><a href=\"http:\/\/lauska.lv\/veikals\/artists\/gaudeamus\/?lang=en\" target=\"_blank\" rel=\"noopener\">Gaudeamus<\/a><\/p>\n<p><b>Genre\u00a0<\/b><a href=\"http:\/\/lauska.lv\/veikals\/post-folk\/?lang=en\">Post-Folk<\/a>, <a href=\"http:\/\/lauska.lv\/veikals\/choir-music\/?lang=en\" target=\"_blank\" rel=\"noopener\">Choir Music<\/a><\/p>\n","protected":false},"featured_media":2925,"template":"","meta":{"jetpack_post_was_ever_published":false,"jetpack_publicize_message":"","jetpack_is_tweetstorm":false,"jetpack_publicize_feature_enabled":true,"jetpack_social_post_already_shared":true,"jetpack_social_options":{"image_generator_settings":{"template":"highway","enabled":false}}},"product_cat":[678,658,405,260,354],"product_tag":[94],"jetpack_publicize_connections":[],"jetpack_sharing_enabled":true,"_links":{"self":[{"href":"https:\/\/lauska.lv\/veikals\/wp-json\/wp\/v2\/product\/2928"}],"collection":[{"href":"https:\/\/lauska.lv\/veikals\/wp-json\/wp\/v2\/product"}],"about":[{"href":"https:\/\/lauska.lv\/veikals\/wp-json\/wp\/v2\/types\/product"}],"wp:featuredmedia":[{"embeddable":true,"href":"https:\/\/lauska.lv\/veikals\/wp-json\/wp\/v2\/media\/2925"}],"wp:attachment":[{"href":"https:\/\/lauska.lv\/veikals\/wp-json\/wp\/v2\/media?parent=2928"}],"wp:term":[{"taxonomy":"product_cat","embeddable":true,"href":"https:\/\/lauska.lv\/veikals\/wp-json\/wp\/v2\/product_cat?post=2928"},{"taxonomy":"product_tag","embeddable":true,"href":"https:\/\/lauska.lv\/veikals\/wp-json\/wp\/v2\/product_tag?post=2928"}],"curies":[{"name":"wp","href":"https:\/\/api.w.org\/{rel}","templated":true}]}}