{"id":2923,"date":"2018-09-12T09:20:20","date_gmt":"2018-09-12T06:20:20","guid":{"rendered":"http:\/\/lauska.lv\/veikalsbeta\/?post_type=product&#038;p=2923"},"modified":"2018-11-29T22:59:00","modified_gmt":"2018-11-29T20:59:00","slug":"paganu-gadagramata","status":"publish","type":"product","link":"https:\/\/lauska.lv\/veikals\/Preces\/paganu-gadagramata\/","title":{"rendered":"Pag\u0101nu gadagr\u0101mata"},"content":{"rendered":"<p>Komponista un m\u016bzi\u0137a U\u0123a Prauli\u0146a cikls &#8220;Pag\u0101nu gadagr\u0101mata&#8221; izn\u0101ca 1998. gad\u0101. Tagad, p\u0113c RTU v\u012bru kora &#8220;Gaudeamus&#8221; diri\u0123enta Ivara Cinkusa ierosmes, 20 gadus v\u0113l\u0101k, ska\u0146darbs ieguvis jaunu, sp\u0113c\u012bgu un svaigu skan\u0113jumu. \u0160\u012b cikla versija ir aran\u017e\u0113ta v\u012bru korim, solistiem un etno roka grupai.<\/p>\n<p>Pag\u0101nu gadagr\u0101mata atspogu\u013co gadalaika nomai\u0146as \u0101rpus pils\u0113tas &#8211; tur kur m\u0113s parasti vairs neesam &#8211; pie upes, kas tek dienu un nakti, pie j\u016bras, kas dz\u012bvo savu dz\u012bvi neatkar\u012bgi no mums, p\u013cav\u0101s, kuras zied savva\u013c\u0101 ar saviem putniem, un me\u017eos, kuros sl\u0113pjas zv\u0113ri. \u0160\u012bs dziesmas ir dom\u0101tas pils\u0113tas cilv\u0113ka iek\u0161\u0113jam &#8220;Es&#8221; k\u0101 vesela gada atskate &#8211; tur kur m\u0113s parasti neatrodamies.<\/p>\n","protected":false},"excerpt":{"rendered":"<p><strong>Izpild\u012bt\u0101js<\/strong> <a href=\"http:\/\/lauska.lv\/veikals\/gaudeamus\/\" target=\"_blank\" rel=\"noopener\">Gaudeamus<\/a><\/p>\n<p><strong>\u017danri<\/strong> <a href=\"http:\/\/lauska.lv\/veikals\/post-folks\/\">Post-folks<\/a>, <a href=\"http:\/\/lauska.lv\/veikals\/kormuzika\/\" target=\"_blank\" rel=\"noopener\">Korm\u016bzika<\/a><\/p>\n","protected":false},"featured_media":2924,"template":"","meta":{"jetpack_post_was_ever_published":false,"jetpack_publicize_message":"","jetpack_is_tweetstorm":false,"jetpack_publicize_feature_enabled":true,"jetpack_social_post_already_shared":true,"jetpack_social_options":{"image_generator_settings":{"template":"highway","enabled":false}}},"product_cat":[111,101,677,252,249],"product_tag":[47],"jetpack_publicize_connections":[],"jetpack_sharing_enabled":true,"_links":{"self":[{"href":"https:\/\/lauska.lv\/veikals\/wp-json\/wp\/v2\/product\/2923"}],"collection":[{"href":"https:\/\/lauska.lv\/veikals\/wp-json\/wp\/v2\/product"}],"about":[{"href":"https:\/\/lauska.lv\/veikals\/wp-json\/wp\/v2\/types\/product"}],"wp:featuredmedia":[{"embeddable":true,"href":"https:\/\/lauska.lv\/veikals\/wp-json\/wp\/v2\/media\/2924"}],"wp:attachment":[{"href":"https:\/\/lauska.lv\/veikals\/wp-json\/wp\/v2\/media?parent=2923"}],"wp:term":[{"taxonomy":"product_cat","embeddable":true,"href":"https:\/\/lauska.lv\/veikals\/wp-json\/wp\/v2\/product_cat?post=2923"},{"taxonomy":"product_tag","embeddable":true,"href":"https:\/\/lauska.lv\/veikals\/wp-json\/wp\/v2\/product_tag?post=2923"}],"curies":[{"name":"wp","href":"https:\/\/api.w.org\/{rel}","templated":true}]}}