{"id":2916,"date":"2018-09-11T23:41:22","date_gmt":"2018-09-11T20:41:22","guid":{"rendered":"http:\/\/lauska.lv\/veikalsbeta\/?post_type=product&#038;p=2916"},"modified":"2018-10-05T00:35:17","modified_gmt":"2018-10-04T21:35:17","slug":"labi-dzeivot-kolchoza","status":"publish","type":"product","link":"https:\/\/lauska.lv\/veikals\/Preces\/labi-dzeivot-kolchoza\/","title":{"rendered":"Labi dzeiv\u014dt kolchoz\u0101!"},"content":{"rendered":"<p>Etnogr\u0101fiskajam ansamblim \u201cVaba\u013cis\u201d no Daugavpils novada Vaboles izn\u0101k jau tre\u0161ais albums, kur\u0101 apkopotas un izpild\u012btas kolhoza laiku dziesmas, kas tika dzied\u0101tas galvenok\u0101rt neform\u0101los pas\u0101kumos un tik\u0161an\u0101s reiz\u0113s. T\u0101s raksturo ironiska attieksme pret padomju ikdienu un visai skarbs humors.<\/p>\n","protected":false},"excerpt":{"rendered":"<p><strong>IZPILD\u012aT\u0100JS<\/strong>\u00a0<a href=\"http:\/\/lauska.lv\/veikals\/vabalis\/\" target=\"_blank\" rel=\"noopener\">Vaba\u013cis<\/a><\/p>\n<p><strong>\u017dANRI\u00a0<\/strong><a href=\"http:\/\/lauska.lv\/veikals\/folklora\/\">Folklora<\/a><\/p>\n","protected":false},"featured_media":2917,"template":"","meta":{"jetpack_post_was_ever_published":false,"jetpack_publicize_message":"","jetpack_is_tweetstorm":false,"jetpack_publicize_feature_enabled":true,"jetpack_social_post_already_shared":true,"jetpack_social_options":{"image_generator_settings":{"template":"highway","enabled":false}}},"product_cat":[101,252,232,249],"product_tag":[47],"jetpack_publicize_connections":[],"jetpack_sharing_enabled":true,"_links":{"self":[{"href":"https:\/\/lauska.lv\/veikals\/wp-json\/wp\/v2\/product\/2916"}],"collection":[{"href":"https:\/\/lauska.lv\/veikals\/wp-json\/wp\/v2\/product"}],"about":[{"href":"https:\/\/lauska.lv\/veikals\/wp-json\/wp\/v2\/types\/product"}],"wp:featuredmedia":[{"embeddable":true,"href":"https:\/\/lauska.lv\/veikals\/wp-json\/wp\/v2\/media\/2917"}],"wp:attachment":[{"href":"https:\/\/lauska.lv\/veikals\/wp-json\/wp\/v2\/media?parent=2916"}],"wp:term":[{"taxonomy":"product_cat","embeddable":true,"href":"https:\/\/lauska.lv\/veikals\/wp-json\/wp\/v2\/product_cat?post=2916"},{"taxonomy":"product_tag","embeddable":true,"href":"https:\/\/lauska.lv\/veikals\/wp-json\/wp\/v2\/product_tag?post=2916"}],"curies":[{"name":"wp","href":"https:\/\/api.w.org\/{rel}","templated":true}]}}