{"id":18614,"date":"2026-04-22T17:27:15","date_gmt":"2026-04-22T14:27:15","guid":{"rendered":"https:\/\/lauska.lv\/veikals\/?post_type=product&#038;p=18614"},"modified":"2026-04-22T17:27:15","modified_gmt":"2026-04-22T14:27:15","slug":"sudrabu-smeldama","status":"publish","type":"product","link":"https:\/\/lauska.lv\/veikals\/Preces\/sudrabu-smeldama\/","title":{"rendered":"Sudrabu smeldama"},"content":{"rendered":"<p>Album\u0101\u00a0<i>Sudrabu smeldama<\/i>\u00a0tautas m\u016bzika savijas ar teic\u0113ju person\u012bg\u0101s pieredzes st\u0101stiem, atkl\u0101jot vienlaikus gan sievietes ikdienas gaitas un gr\u016bt\u012bbas, ar\u012b likte\u0146a p\u0101rest\u012bbas, gan p\u0101rlaic\u012bgu misijas apzi\u0146u un sp\u0113ka avotus, audzinot b\u0113rnus un saglab\u0101jot gar\u012bgo t\u012br\u012bbu. Album\u0101 skan Latgales dziesmas un tautas m\u016bzika, ko\u00a0<i>Grodi\u00a0<\/i>ar etnogr\u0101fisku precizit\u0101ti p\u0101rmantoju\u0161i sav\u0101 repertu\u0101r\u0101.<\/p>\n","protected":false},"excerpt":{"rendered":"<p>IZPILD\u012aT\u0100JS\u00a0Grodi<\/p>\n<p>\u017dANRS <a href=\"https:\/\/lauska.lv\/veikals\/folklora\/\">Folklora<\/a><\/p>\n","protected":false},"featured_media":18615,"template":"","meta":{"jetpack_post_was_ever_published":false,"jetpack_publicize_message":"","jetpack_is_tweetstorm":false,"jetpack_publicize_feature_enabled":true,"jetpack_social_post_already_shared":true,"jetpack_social_options":{"image_generator_settings":{"template":"highway","enabled":false}}},"product_cat":[250,101],"product_tag":[768],"jetpack_publicize_connections":[],"jetpack_sharing_enabled":true,"_links":{"self":[{"href":"https:\/\/lauska.lv\/veikals\/wp-json\/wp\/v2\/product\/18614"}],"collection":[{"href":"https:\/\/lauska.lv\/veikals\/wp-json\/wp\/v2\/product"}],"about":[{"href":"https:\/\/lauska.lv\/veikals\/wp-json\/wp\/v2\/types\/product"}],"wp:featuredmedia":[{"embeddable":true,"href":"https:\/\/lauska.lv\/veikals\/wp-json\/wp\/v2\/media\/18615"}],"wp:attachment":[{"href":"https:\/\/lauska.lv\/veikals\/wp-json\/wp\/v2\/media?parent=18614"}],"wp:term":[{"taxonomy":"product_cat","embeddable":true,"href":"https:\/\/lauska.lv\/veikals\/wp-json\/wp\/v2\/product_cat?post=18614"},{"taxonomy":"product_tag","embeddable":true,"href":"https:\/\/lauska.lv\/veikals\/wp-json\/wp\/v2\/product_tag?post=18614"}],"curies":[{"name":"wp","href":"https:\/\/api.w.org\/{rel}","templated":true}]}}