{"id":18599,"date":"2026-02-15T20:55:47","date_gmt":"2026-02-15T18:55:47","guid":{"rendered":"https:\/\/lauska.lv\/veikals\/products\/laimas-muzykanti-30-za-elta-dzi-iesmi-as\/"},"modified":"2026-02-15T20:55:47","modified_gmt":"2026-02-15T18:55:47","slug":"laimas-muzykanti-30-za-elta-dzi-iesmi-as","status":"publish","type":"product","link":"https:\/\/lauska.lv\/veikals\/products\/laimas-muzykanti-30-za-elta-dzi-iesmi-as\/?lang=en","title":{"rendered":"Laimas Muzykanti 30 &#8211; Za\/elta Dz\u012b\/iesmi\/as"},"content":{"rendered":"<p>1995. gad\u0101 k\u0101d\u0101 rudens vakar\u0101 Daugavpil\u012b Art\u016bra U\u0161k\u0101na aicin\u0101ti, san\u0101ca kop\u0101 m\u016bzi\u0137i un dibin\u0101ja grupu, kura kop\u0161 t\u0101 laika ne mirkli nav p\u0101rtraukusi muzic\u0113t. Ir main\u012bjies sast\u0101vs, ir att\u012bst\u012bju\u0161\u0101s aran\u017eijas un stilu daudzveid\u012bba, k\u0101d\u0101 muzic\u0113 &#8220;Laimas Muzykanti&#8221;, ta\u010du grupa vienm\u0113r ir bijusi virsotn\u0113 un g\u0101jusi l\u012bdz laikam. M\u016bzi\u0137i iecien\u012bti ne tikai Latvij\u0101, bet koncert\u0113ju\u0161i ar\u012b daudzos festiv\u0101los pasaul\u0113 &#8211; Lietuv\u0101, ASV, Kan\u0101d\u0101, Austr\u0101lij\u0101, Turcij\u0101, Polij\u0101, Ung\u0101rij\u0101, V\u0101cij\u0101, It\u0101lij\u0101, Uzbekist\u0101n\u0101 u.c. 2018. gad\u0101 \u201cLaimas Muzykanti\u201d p\u0101rst\u0101v\u0113ja Latviju XXIII Ziemas Olimpisko sp\u0113\u013cu Phjon\u010dhan\u0101, Dienvidkorej\u0101, kult\u016bras programm\u0101, kur sniedza piecus koncertus. Divas uzst\u0101\u0161an\u0101s no &#8220;Alpensia Ski Jumping&#8221; stadiona tika raid\u012btas TV tie\u0161raid\u0113 vis\u0101 pasaul\u0113.<br \/>\nGrupas ieraksti tiek regul\u0101ri atska\u0146oti ar\u012b da\u017e\u0101d\u0101s Eiropas valstu radio stacij\u0101s (Luksemburga, Grie\u0137ija, Slov\u0101kija, Ukraina, Lietuva u.c.).<br \/>\nIzdoti \u010detri studijas albumi. Visi tika nomin\u0113ti Latvijas M\u016bzikas ierakstu gada balvai &#8220;Zelta Mikrofons&#8221; un Latgalie\u0161u kult\u016bras balvai &#8220;Bo\u0146uks&#8221;.<br \/>\nKop\u0161 1998. gada \u201cLaimas Muzykantu\u201d m\u016bzika skan\u0113jusi visos Visp\u0101r\u0113jos latvie\u0161u Dziesmu un Deju sv\u0113tkos un Latvijas skolu jaunatnes dziesmu un deju sv\u0113tkos, to \u013coti iecien\u012bju\u0161i visu paaud\u017eu dejot\u0101ji.<br \/>\nM\u016bzikas \u017eurn\u0101lists Kaspars Zavi\u013ceiskis grupas skan\u0113jumu raksturo \u0161\u0101di: &#8220;&#8221;Laimas Muzykanti&#8221; joproj\u0101m ir gar\u0101 jautra, bet m\u016bzik\u0101 \u013coti nopietna etnom\u016bzikas grupa un, neb\u016bs par ska\u013cu teikts, pat viena no \u0161\u0101 \u017eanra flagma\u0146iem Latvij\u0101.&#8221;<br \/>\nAtz\u012bm\u0113jot savu rado\u0161\u0101s darb\u012bbas 30. gada dienu, &#8220;Laimas Muzykanti&#8221; laidu\u0161i klaj\u0101 izlasi ar spilgt\u0101kaj\u0101m dziesm\u0101m, kas \u0161o gadu gait\u0101 rad\u012btas, k\u013cuvu\u0161as klaus\u012bt\u0101ju iem\u012b\u013cotas Latvij\u0101 un vis\u0101 pasaul\u0113. Aicin\u0101m klaus\u012bties un svin\u0113t kop\u0101 ar mums!<\/p>\n","protected":false},"excerpt":{"rendered":"<p>IZPILD\u012aT\u0100JS <a href=\"https:\/\/lauska.lv\/veikals\/makslinieki-2\/laimas-muzykanti\/\">Laimas Muzykanti<\/a><\/p>\n<p>\u017dANRS <a href=\"https:\/\/lauska.lv\/veikals\/post-folks\/\">Post-folks<\/a><\/p>\n","protected":false},"featured_media":18597,"template":"","meta":{"jetpack_post_was_ever_published":false,"jetpack_publicize_message":"","jetpack_is_tweetstorm":false,"jetpack_publicize_feature_enabled":true,"jetpack_social_post_already_shared":true,"jetpack_social_options":{"image_generator_settings":{"template":"highway","enabled":false}}},"product_cat":[534,354],"product_tag":[759],"jetpack_publicize_connections":[],"jetpack_sharing_enabled":true,"_links":{"self":[{"href":"https:\/\/lauska.lv\/veikals\/wp-json\/wp\/v2\/product\/18599"}],"collection":[{"href":"https:\/\/lauska.lv\/veikals\/wp-json\/wp\/v2\/product"}],"about":[{"href":"https:\/\/lauska.lv\/veikals\/wp-json\/wp\/v2\/types\/product"}],"wp:featuredmedia":[{"embeddable":true,"href":"https:\/\/lauska.lv\/veikals\/wp-json\/wp\/v2\/media\/18597"}],"wp:attachment":[{"href":"https:\/\/lauska.lv\/veikals\/wp-json\/wp\/v2\/media?parent=18599"}],"wp:term":[{"taxonomy":"product_cat","embeddable":true,"href":"https:\/\/lauska.lv\/veikals\/wp-json\/wp\/v2\/product_cat?post=18599"},{"taxonomy":"product_tag","embeddable":true,"href":"https:\/\/lauska.lv\/veikals\/wp-json\/wp\/v2\/product_tag?post=18599"}],"curies":[{"name":"wp","href":"https:\/\/api.w.org\/{rel}","templated":true}]}}