{"id":18593,"date":"2026-02-15T20:38:43","date_gmt":"2026-02-15T18:38:43","guid":{"rendered":"https:\/\/lauska.lv\/veikals\/products\/rokam\/"},"modified":"2026-02-15T20:38:43","modified_gmt":"2026-02-15T18:38:43","slug":"rokam","status":"publish","type":"product","link":"https:\/\/lauska.lv\/veikals\/products\/rokam\/?lang=en","title":{"rendered":"Rokam!"},"content":{"rendered":"<p><strong>Etnogrupa \u201eOGAS\u201d\u00a0<\/strong>kop\u0101 ar le\u0123end\u0101ro \u0123it\u0101ristu<strong>\u00a0Armandu Alksni\u00a0<\/strong>rad\u012bju\u0161i jaunu etnom\u016bzikas albumu, kur\u0101 m\u016bzi\u0137i aran\u017e\u0113ju\u0161i un ierakst\u012bju\u0161i 11 Rucavas tradicion\u0101l\u0101s melodijas etnoroka stilistik\u0101, m\u016bzik\u0101 ieskanoties \u0101rtroka, bl\u016bzroka, h\u0101rdroka, bigb\u012bta, u.c roka elementiem.\u00a0M\u016bzi\u0137i \u201eizraku\u0161i\u201d vair\u0101k un maz\u0101k dzird\u0113tas Rucavas dziesmas \u2013 krustabu, prec\u012bbu, braucamo, \u0161\u016bpu\u013cdziesmu un pat kolhoznieku zi\u0146\u0123i. Dziesmas ir ritmiski un melodiski savdab\u012bgas, saglab\u0101ju\u0161as senu valodas formu un leksikas sl\u0101ni, un spilgti atkl\u0101j rucavnieku raksturu, \u012bpa\u0161\u012bbas un iera\u0161as.<\/p>\n<p>M\u016bzi\u0137is un producents Aivars Hermanis par albumu izsak\u0101s \u0161\u0101di: \u201eSen nebija dzird\u0113ta tik konceptu\u0101li p\u0101rdom\u0101ta m\u016bzikas ierakstu programma! Latvijas dienvidrietumu piekrastes novada tautas dziesmas ir izv\u0113l\u0113tas ar lielu r\u016bp\u012bbu un folkloras nozares zin\u0101\u0161anu. Aran\u017e\u0113jumi, neskatoties uz \u0101rtroka stilistiku, ir toleranti pak\u0101rtoti senaj\u0101m meldij\u0101m un v\u0113stij ko t\u0101s pau\u017e. Ieraksta m\u016bzi\u0137i ir visaugst\u0101k\u0101s klases profesion\u0101\u013ci. \u012apa\u0161i, \u0123it\u0101ras Lielmeistars Armands Alksnis!\u201d<\/p>\n","protected":false},"excerpt":{"rendered":"<p>IZPILD\u012aT\u0100JS <a href=\"https:\/\/lauska.lv\/veikals\/makslinieki-2\/ogas\/\">Ogas<\/a><\/p>\n<p>\u017dANRS <a href=\"https:\/\/lauska.lv\/veikals\/post-folks\/\">Post-folks<\/a><\/p>\n","protected":false},"featured_media":18591,"template":"","meta":{"jetpack_post_was_ever_published":false,"jetpack_publicize_message":"","jetpack_is_tweetstorm":false,"jetpack_publicize_feature_enabled":true,"jetpack_social_post_already_shared":true,"jetpack_social_options":{"image_generator_settings":{"template":"highway","enabled":false}}},"product_cat":[764,354],"product_tag":[759],"jetpack_publicize_connections":[],"jetpack_sharing_enabled":true,"_links":{"self":[{"href":"https:\/\/lauska.lv\/veikals\/wp-json\/wp\/v2\/product\/18593"}],"collection":[{"href":"https:\/\/lauska.lv\/veikals\/wp-json\/wp\/v2\/product"}],"about":[{"href":"https:\/\/lauska.lv\/veikals\/wp-json\/wp\/v2\/types\/product"}],"wp:featuredmedia":[{"embeddable":true,"href":"https:\/\/lauska.lv\/veikals\/wp-json\/wp\/v2\/media\/18591"}],"wp:attachment":[{"href":"https:\/\/lauska.lv\/veikals\/wp-json\/wp\/v2\/media?parent=18593"}],"wp:term":[{"taxonomy":"product_cat","embeddable":true,"href":"https:\/\/lauska.lv\/veikals\/wp-json\/wp\/v2\/product_cat?post=18593"},{"taxonomy":"product_tag","embeddable":true,"href":"https:\/\/lauska.lv\/veikals\/wp-json\/wp\/v2\/product_tag?post=18593"}],"curies":[{"name":"wp","href":"https:\/\/api.w.org\/{rel}","templated":true}]}}