{"id":18587,"date":"2026-02-15T20:28:02","date_gmt":"2026-02-15T18:28:02","guid":{"rendered":"https:\/\/lauska.lv\/veikals\/products\/ok-laime\/"},"modified":"2026-02-15T20:28:02","modified_gmt":"2026-02-15T18:28:02","slug":"ok-laime","status":"publish","type":"product","link":"https:\/\/lauska.lv\/veikals\/products\/ok-laime\/?lang=en","title":{"rendered":"Ok, laime!"},"content":{"rendered":"<p>Album\u0101 iek\u013cautas asto\u0146as tautas melodijas, divas zi\u0146\u0123es no etnogr\u0101fisk\u0101 ansamb\u013ca \u201cVaba\u013cis\u201d repertu\u0101ra un divas ori\u0123in\u0101ldziesmas ar dainu tekstiem. Dziesmu aran\u017e\u0113jumus veidoju\u0161i visi grupas m\u016bzi\u0137i, tos ieturot\u00a0<em>ethnofusion &amp; turbofolk\u00a0<\/em>stilistik\u0101. Patriotu m\u0113nes\u012b vienai no atrakt\u012bv\u0101kaj\u0101m dziesm\u0101m \u2013 \u201cAi, Zuzanna!\u201d OGAS lai\u017e klaj\u0101 videoversiju. Humora piln\u0101 zi\u0146\u0123e no etnogr\u0101fisk\u0101 ansamb\u013ca \u201cVaba\u013cis\u201d repertu\u0101ra un jestrais video ir aicin\u0101jums sv\u0113tku laik\u0101 pa \u012bstam priec\u0101ties, at\u013cauties jokoties un smieties.<\/p>\n","protected":false},"excerpt":{"rendered":"<p>IZPILD\u012aT\u0100JS <a href=\"https:\/\/lauska.lv\/veikals\/makslinieki-2\/ogas\/\">Ogas<\/a><\/p>\n<p>\u017dANRS <a href=\"https:\/\/lauska.lv\/veikals\/post-folks\/\">Post-Folks<\/a><\/p>\n","protected":false},"featured_media":18585,"template":"","meta":{"jetpack_post_was_ever_published":false,"jetpack_publicize_message":"","jetpack_is_tweetstorm":false,"jetpack_publicize_feature_enabled":true,"jetpack_social_post_already_shared":true,"jetpack_social_options":{"image_generator_settings":{"template":"highway","enabled":false}}},"product_cat":[764,354],"product_tag":[755],"jetpack_publicize_connections":[],"jetpack_sharing_enabled":true,"_links":{"self":[{"href":"https:\/\/lauska.lv\/veikals\/wp-json\/wp\/v2\/product\/18587"}],"collection":[{"href":"https:\/\/lauska.lv\/veikals\/wp-json\/wp\/v2\/product"}],"about":[{"href":"https:\/\/lauska.lv\/veikals\/wp-json\/wp\/v2\/types\/product"}],"wp:featuredmedia":[{"embeddable":true,"href":"https:\/\/lauska.lv\/veikals\/wp-json\/wp\/v2\/media\/18585"}],"wp:attachment":[{"href":"https:\/\/lauska.lv\/veikals\/wp-json\/wp\/v2\/media?parent=18587"}],"wp:term":[{"taxonomy":"product_cat","embeddable":true,"href":"https:\/\/lauska.lv\/veikals\/wp-json\/wp\/v2\/product_cat?post=18587"},{"taxonomy":"product_tag","embeddable":true,"href":"https:\/\/lauska.lv\/veikals\/wp-json\/wp\/v2\/product_tag?post=18587"}],"curies":[{"name":"wp","href":"https:\/\/api.w.org\/{rel}","templated":true}]}}