{"id":18525,"date":"2025-05-19T09:21:34","date_gmt":"2025-05-19T06:21:34","guid":{"rendered":"https:\/\/lauska.lv\/veikals\/?post_type=product&#038;p=18525"},"modified":"2025-05-19T09:23:20","modified_gmt":"2025-05-19T06:23:20","slug":"varav-varti-vartai","status":"publish","type":"product","link":"https:\/\/lauska.lv\/veikals\/Preces\/varav-varti-vartai\/","title":{"rendered":"V\u00c4RAV \/ V\u0100RTI \/ VARTAI"},"content":{"rendered":"<section class=\"fragment fragment--align-center--default fragment-paragraph\">Album\u0101 dzirdamas daudzbals\u012bgas tautas dziesmas grupas aran\u017e\u0113jum\u0101 \u2013\u00a0<em>garais sauciens<\/em> no Dienvidkurzemes, liriska dziesma &#8220;Soka saule r\u012btiedama&#8221; no Latgales, UNESCO pasaules mantojuma sarakst\u0101 eso\u0161\u0101s lietuvie\u0161u sutartines un Igaunijas setu dziesmas, k\u0101 ar\u012b vair\u0101ki ska\u0146darbi, kuros savijusies visu triju valstu etnisk\u0101 m\u016bzika.<\/section>\n<section class=\"fragment fragment--align-center--default fragment-paragraph\">Albumu &#8220;V\u00e4rav \/ V\u0101rti \/ Vartai&#8221; (igau\u0146u, latvie\u0161u un lietuvie\u0161u valod\u0101 &#8220;v\u0101rti&#8221;) izdevusi V\u0101cijas izdevniec\u012bba &#8220;CPL-Music&#8221;. Albums ir ierakst\u012bts Vi\u013c\u0146\u0101, Lietuv\u0101 (ska\u0146u re\u017eisors Tadas De\u0161ukas) un R\u012bg\u0101, Latvij\u0101 (ska\u0146u re\u017eisors Gatis Gaujenieks), to miks\u0113ja un m\u0101ster\u0113ja Gatis Gaujenieks studij\u0101 &#8220;GEM Plus&#8221;. Albuma dizainere ir Ieva Vaivaraite-O\u0161ikiene.<\/section>\n","protected":false},"excerpt":{"rendered":"<p>IZPILD\u012aT\u0100JS <a href=\"https:\/\/lauska.lv\/veikals\/makslinieki-2\/baltic-sisters\/\">Baltic Sisters<\/a><\/p>\n<div class=\"woocommerce-product-details__short-description\">\n<p>\u017dANRS\u00a0<a href=\"https:\/\/lauska.lv\/veikals\/post-folks\/\">Post-Folks<\/a><\/p>\n<\/div>\n","protected":false},"featured_media":18526,"template":"","meta":{"jetpack_post_was_ever_published":false,"jetpack_publicize_message":"","jetpack_is_tweetstorm":false,"jetpack_publicize_feature_enabled":true,"jetpack_social_post_already_shared":true,"jetpack_social_options":{"image_generator_settings":{"template":"highway","enabled":false}}},"product_cat":[694,745,252],"product_tag":[757],"jetpack_publicize_connections":[],"jetpack_sharing_enabled":true,"_links":{"self":[{"href":"https:\/\/lauska.lv\/veikals\/wp-json\/wp\/v2\/product\/18525"}],"collection":[{"href":"https:\/\/lauska.lv\/veikals\/wp-json\/wp\/v2\/product"}],"about":[{"href":"https:\/\/lauska.lv\/veikals\/wp-json\/wp\/v2\/types\/product"}],"wp:featuredmedia":[{"embeddable":true,"href":"https:\/\/lauska.lv\/veikals\/wp-json\/wp\/v2\/media\/18526"}],"wp:attachment":[{"href":"https:\/\/lauska.lv\/veikals\/wp-json\/wp\/v2\/media?parent=18525"}],"wp:term":[{"taxonomy":"product_cat","embeddable":true,"href":"https:\/\/lauska.lv\/veikals\/wp-json\/wp\/v2\/product_cat?post=18525"},{"taxonomy":"product_tag","embeddable":true,"href":"https:\/\/lauska.lv\/veikals\/wp-json\/wp\/v2\/product_tag?post=18525"}],"curies":[{"name":"wp","href":"https:\/\/api.w.org\/{rel}","templated":true}]}}