{"id":18263,"date":"2023-12-07T13:54:50","date_gmt":"2023-12-07T11:54:50","guid":{"rendered":"https:\/\/lauska.lv\/veikals\/?post_type=product&#038;p=18263"},"modified":"2024-02-20T11:01:47","modified_gmt":"2024-02-20T09:01:47","slug":"devums","status":"publish","type":"product","link":"https:\/\/lauska.lv\/veikals\/Preces\/devums\/","title":{"rendered":"Devums"},"content":{"rendered":"<p>M\u0100KSLINIEKI Da\u017e\u0101di<\/p>\n<p>\u017dANRS <a href=\"https:\/\/lauska.lv\/veikals\/folklora\/\">Folklora<\/a><\/p>\n","protected":false},"excerpt":{"rendered":"<p><span style=\"font-family: arial, sans-serif;\">Albums \u201cDevums\u201d veidots k\u0101 muzik\u0101ls ce\u013cvedis gadsk\u0101rtu sv\u0113tku trad\u012bciju iepaz\u012b\u0161anai. Taj\u0101 iek\u013cautais muzik\u0101lais materi\u0101ls ir pavisam maza da\u013ci\u0146a no kr\u0101\u0161\u0146\u0101 gadsk\u0101rtu sv\u0113tku dziesmu, rota\u013cu un deju p\u016bra, ko katrs var izzin\u0101t, iem\u0101c\u012bties un lietot, darot savu dz\u012bves pieredzi un sv\u0113tku svin\u0113\u0161anu bag\u0101t\u0101ku. Izv\u0113l\u0113t\u0101s Ziemassv\u0113tku, Liel\u0101s dienas, J\u0101\u0146u un Ruden\u0101ju dziesmas, rota\u013cas un dejas atbilst noteiktai situat\u012bvai darb\u012bbai sv\u0113tkos un atspogu\u013co \u0161o sv\u0113tku noz\u012bm\u012bg\u0101k\u0101s iera\u017eas. Ieraksts sniedz ieskatu tradicion\u0101l\u0101s dzied\u0101\u0161anas un instrument\u0101l\u0101s muzic\u0113\u0161anas trad\u012bcij\u0101s da\u017e\u0101dos Latvijas novados, k\u0101 ar\u012b trad\u012bciju rado\u0161\u0101 m\u016bsdienu interpret\u0101cij\u0101.<\/span><\/p>\n<p><span style=\"font-family: arial, sans-serif;\">Albuma veido\u0161an\u0101 savu devumu sniegu\u0161as 11 R\u012bgas valstspils\u0113tas pa\u0161vald\u012bbas Kult\u016bras un tautas m\u0101kslas centra \u201cRitums\u201d folkloras kopas, kuriem gadsk\u0101rtu svin\u0113\u0161ana nav tikai pas\u0101kums, bet da\u013ca no dz\u012bvesveida. Folkloras kopas piedal\u0101s KTMC \u201cRitums\u201d organiz\u0113tajos tradicion\u0101lo gadsk\u0101rtu pas\u0101kumos R\u012bgas pils\u0113tvid\u0113, aicinot uz l\u012bdzi darbo\u0161anos gan pied\u0101v\u0101jot piedal\u012bties ritu\u0101los, gan dziedot un dejojot l\u012bdzi, t\u0101d\u0113j\u0101di iedro\u0161inot cilv\u0113kus \u0161\u012bs zin\u0101\u0161anas ieviest sav\u0101 \u0123imen\u0113.<\/span><\/p>\n","protected":false},"featured_media":18265,"template":"","meta":{"jetpack_post_was_ever_published":false,"jetpack_publicize_message":"","jetpack_is_tweetstorm":false,"jetpack_publicize_feature_enabled":true,"jetpack_social_post_already_shared":true,"jetpack_social_options":{"image_generator_settings":{"template":"highway","enabled":false}}},"product_cat":[15,752,250,741,101,167,208,212,240,249],"product_tag":[729],"jetpack_publicize_connections":[],"jetpack_sharing_enabled":true,"_links":{"self":[{"href":"https:\/\/lauska.lv\/veikals\/wp-json\/wp\/v2\/product\/18263"}],"collection":[{"href":"https:\/\/lauska.lv\/veikals\/wp-json\/wp\/v2\/product"}],"about":[{"href":"https:\/\/lauska.lv\/veikals\/wp-json\/wp\/v2\/types\/product"}],"wp:featuredmedia":[{"embeddable":true,"href":"https:\/\/lauska.lv\/veikals\/wp-json\/wp\/v2\/media\/18265"}],"wp:attachment":[{"href":"https:\/\/lauska.lv\/veikals\/wp-json\/wp\/v2\/media?parent=18263"}],"wp:term":[{"taxonomy":"product_cat","embeddable":true,"href":"https:\/\/lauska.lv\/veikals\/wp-json\/wp\/v2\/product_cat?post=18263"},{"taxonomy":"product_tag","embeddable":true,"href":"https:\/\/lauska.lv\/veikals\/wp-json\/wp\/v2\/product_tag?post=18263"}],"curies":[{"name":"wp","href":"https:\/\/api.w.org\/{rel}","templated":true}]}}