{"id":18241,"date":"2023-11-15T19:32:24","date_gmt":"2023-11-15T17:32:24","guid":{"rendered":"https:\/\/lauska.lv\/veikals\/?post_type=product&#038;p=18241"},"modified":"2023-11-15T19:45:10","modified_gmt":"2023-11-15T17:45:10","slug":"devinviru-speks","status":"publish","type":"product","link":"https:\/\/lauska.lv\/veikals\/Preces\/devinviru-speks\/","title":{"rendered":"Devi\u0146v\u012bru sp\u0113ks"},"content":{"rendered":"<p>Bungu un D\u016bdu m\u016bzikas grupas &#8220;Au\u013ci&#8221; 20 gadu jubilejas izlase DEVI\u0145V\u012aRU SP\u0112KS ietver ska\u0146darbus no visiem 11 Au\u013cu studijas albumiem, k\u0101 ar\u012b iepriek\u0161 albumos nepublic\u0113tas dziesmas.<\/p>\n","protected":false},"excerpt":{"rendered":"<p>IZPILD\u012aT\u0100JS <a href=\"https:\/\/lauska.lv\/veikals\/auli\/\">Au\u013ci<\/a><\/p>\n<p>\u017dANRS <a href=\"https:\/\/lauska.lv\/veikals\/post-folks\/\">Post-Folks<\/a><\/p>\n","protected":false},"featured_media":18242,"template":"","meta":{"jetpack_post_was_ever_published":false,"jetpack_publicize_message":"","jetpack_is_tweetstorm":false,"jetpack_publicize_feature_enabled":true,"jetpack_social_post_already_shared":true,"jetpack_social_options":{"image_generator_settings":{"template":"highway","enabled":false}}},"product_cat":[15,119,252,249],"product_tag":[729],"jetpack_publicize_connections":[],"jetpack_sharing_enabled":true,"_links":{"self":[{"href":"https:\/\/lauska.lv\/veikals\/wp-json\/wp\/v2\/product\/18241"}],"collection":[{"href":"https:\/\/lauska.lv\/veikals\/wp-json\/wp\/v2\/product"}],"about":[{"href":"https:\/\/lauska.lv\/veikals\/wp-json\/wp\/v2\/types\/product"}],"wp:featuredmedia":[{"embeddable":true,"href":"https:\/\/lauska.lv\/veikals\/wp-json\/wp\/v2\/media\/18242"}],"wp:attachment":[{"href":"https:\/\/lauska.lv\/veikals\/wp-json\/wp\/v2\/media?parent=18241"}],"wp:term":[{"taxonomy":"product_cat","embeddable":true,"href":"https:\/\/lauska.lv\/veikals\/wp-json\/wp\/v2\/product_cat?post=18241"},{"taxonomy":"product_tag","embeddable":true,"href":"https:\/\/lauska.lv\/veikals\/wp-json\/wp\/v2\/product_tag?post=18241"}],"curies":[{"name":"wp","href":"https:\/\/api.w.org\/{rel}","templated":true}]}}