{"id":18237,"date":"2023-11-13T08:51:22","date_gmt":"2023-11-13T06:51:22","guid":{"rendered":"https:\/\/lauska.lv\/veikals\/?post_type=product&#038;p=18237"},"modified":"2023-11-15T19:39:57","modified_gmt":"2023-11-15T17:39:57","slug":"turu-buru","status":"publish","type":"product","link":"https:\/\/lauska.lv\/veikals\/Preces\/turu-buru\/","title":{"rendered":"Turu Buru!"},"content":{"rendered":"<p>Patiesi p\u0101rsteidzo\u0161s pieredz\u0113 balst\u012btas piln\u012bbas un jaunekl\u012bgas ener\u0123ijas apvienojums drosm\u012bgi eklektisk\u0101 un novatorisk\u0101 ce\u013cojum\u0101 pa latvie\u0161u tautas m\u016bzikas dz\u012bl\u0113m!<\/p>\n","protected":false},"excerpt":{"rendered":"<p>IZPILD\u012aT\u0100JS <a href=\"https:\/\/lauska.lv\/veikals\/makslinieki-2\/laimas-muzykanti\/\" target=\"_blank\" rel=\"noopener\">Laimas Muzykanti<\/a><\/p>\n<p>\u017dANRS <a href=\"https:\/\/lauska.lv\/veikals\/post-folks\/\">Post-Folks<\/a><\/p>\n","protected":false},"featured_media":18238,"template":"","meta":{"jetpack_post_was_ever_published":false,"jetpack_publicize_message":"","jetpack_is_tweetstorm":false,"jetpack_publicize_feature_enabled":true,"jetpack_social_post_already_shared":true,"jetpack_social_options":{"image_generator_settings":{"template":"highway","enabled":false}}},"product_cat":[15,101,166,252,249],"product_tag":[729],"jetpack_publicize_connections":[],"jetpack_sharing_enabled":true,"_links":{"self":[{"href":"https:\/\/lauska.lv\/veikals\/wp-json\/wp\/v2\/product\/18237"}],"collection":[{"href":"https:\/\/lauska.lv\/veikals\/wp-json\/wp\/v2\/product"}],"about":[{"href":"https:\/\/lauska.lv\/veikals\/wp-json\/wp\/v2\/types\/product"}],"wp:featuredmedia":[{"embeddable":true,"href":"https:\/\/lauska.lv\/veikals\/wp-json\/wp\/v2\/media\/18238"}],"wp:attachment":[{"href":"https:\/\/lauska.lv\/veikals\/wp-json\/wp\/v2\/media?parent=18237"}],"wp:term":[{"taxonomy":"product_cat","embeddable":true,"href":"https:\/\/lauska.lv\/veikals\/wp-json\/wp\/v2\/product_cat?post=18237"},{"taxonomy":"product_tag","embeddable":true,"href":"https:\/\/lauska.lv\/veikals\/wp-json\/wp\/v2\/product_tag?post=18237"}],"curies":[{"name":"wp","href":"https:\/\/api.w.org\/{rel}","templated":true}]}}