{"id":18158,"date":"2022-11-25T11:14:03","date_gmt":"2022-11-25T09:14:03","guid":{"rendered":"https:\/\/lauska.lv\/veikals\/?post_type=product&#038;p=18158"},"modified":"2022-11-25T11:14:04","modified_gmt":"2022-11-25T09:14:04","slug":"aj-mosena","status":"publish","type":"product","link":"https:\/\/lauska.lv\/veikals\/Preces\/aj-mosena\/","title":{"rendered":"Aj, m\u014dse\u0146a&#8230;"},"content":{"rendered":"<p>Vaba\u013cis puses k\u014dzu dz\u012bsmis.<\/p>\n<p>Vaboles pagasta etnogr\u0101fiskais ansamblis &#8220;Vaba\u013cis&#8221;\u00a0 15 gadu darb\u012bbas laik\u0101 ir m\u0113r\u0137tiec\u012bgi izzin\u0101jis un populariz\u0113jis sava pagasta un Dienvidlatgales muzik\u0101l\u0101s un st\u0101st\u012bjuma folkloras trad\u012bcijas. B\u016btiska da\u013ca ansamb\u013ca repertu\u0101ra ir tie\u0161\u0101 ce\u013c\u0101 p\u0101rmantota no iepriek\u0161\u0113j\u0101m vabolie\u0161u paaudz\u0113m.<\/p>\n<p>\u0160aj\u0101 album\u0101 tiek apskat\u012btas k\u0101zu cilka &#8211; l\u016bko\u0161an\u0101s, prec\u012bbu, ved\u012bbu &#8211; dziesmas, kur\u0101m pieder noz\u012bm\u012bga vieta ikkatras lok\u0101l\u0101s trad\u012bcijas kontekst\u0101. Album\u0101 ir rodamas gan ar k\u0101zu ritu\u0101lu cie\u0161i saist\u012btas sen\u0101k\u0101 sl\u0101\u0146a tautasdziesmu\u00a0 melodijas, gan daudzveid\u012bgas v\u0113l\u012bn\u0101s izcelsmes dziesmas, kuras kop\u0101 vieno k\u0101zu tematika.<\/p>\n","protected":false},"excerpt":{"rendered":"<p><strong>IZPILD\u012aT\u0100JS<\/strong> <a href=\"https:\/\/lauska.lv\/veikals\/makslinieki\/vabalis\/\">Vaba\u013cis<\/a><\/p>\n<p><strong>\u017dANRI\u00a0<\/strong><a href=\"https:\/\/lauska.lv\/veikals\/folklora\/\">Folklora<\/a><\/p>\n","protected":false},"featured_media":18159,"template":"","meta":{"jetpack_post_was_ever_published":false,"jetpack_publicize_message":"","jetpack_is_tweetstorm":false,"jetpack_publicize_feature_enabled":true,"jetpack_social_post_already_shared":true,"jetpack_social_options":{"image_generator_settings":{"template":"highway","enabled":false}}},"product_cat":[250,101,232],"product_tag":[722],"jetpack_publicize_connections":[],"jetpack_sharing_enabled":true,"_links":{"self":[{"href":"https:\/\/lauska.lv\/veikals\/wp-json\/wp\/v2\/product\/18158"}],"collection":[{"href":"https:\/\/lauska.lv\/veikals\/wp-json\/wp\/v2\/product"}],"about":[{"href":"https:\/\/lauska.lv\/veikals\/wp-json\/wp\/v2\/types\/product"}],"wp:featuredmedia":[{"embeddable":true,"href":"https:\/\/lauska.lv\/veikals\/wp-json\/wp\/v2\/media\/18159"}],"wp:attachment":[{"href":"https:\/\/lauska.lv\/veikals\/wp-json\/wp\/v2\/media?parent=18158"}],"wp:term":[{"taxonomy":"product_cat","embeddable":true,"href":"https:\/\/lauska.lv\/veikals\/wp-json\/wp\/v2\/product_cat?post=18158"},{"taxonomy":"product_tag","embeddable":true,"href":"https:\/\/lauska.lv\/veikals\/wp-json\/wp\/v2\/product_tag?post=18158"}],"curies":[{"name":"wp","href":"https:\/\/api.w.org\/{rel}","templated":true}]}}