{"id":18113,"date":"2022-07-19T12:02:35","date_gmt":"2022-07-19T09:02:35","guid":{"rendered":"https:\/\/lauska.lv\/veikals\/?post_type=product&#038;p=18113"},"modified":"2025-09-22T14:54:56","modified_gmt":"2025-09-22T11:54:56","slug":"pa-apli-skanuplate","status":"publish","type":"product","link":"https:\/\/lauska.lv\/veikals\/Preces\/pa-apli-skanuplate\/","title":{"rendered":"Pa apli &#8211; ska\u0146uplate"},"content":{"rendered":"<p>Albums \u201cPa apli\u201d tapis par godu H.\u00a0S\u012bma\u0146a 70 gadu jubilejai. No 15 dziesmu programmas vinila plat\u0113 ir iek\u013cautas 12 dziesmas. Ieraksta pamat\u0101 ir Haralda S\u012bma\u0146a m\u016bzika \u2013 vi\u0146a b\u016bt\u012bba, kas virmo kop\u0101 ar telpu, apk\u0101rtni, dabu, piesl\u0113dzoties dievi\u0161\u0137ajam, gar\u012bgajam sp\u0113ka kan\u0101lam, neatk\u0101rtojamais balss tembrs, kas piepild\u012bts ar dzi\u013cu, filozofisku, su\u0123est\u0113jo\u0161u v\u0101rdisko ideju bag\u0101t\u012bbu, apvienojum\u0101 ar Ilzes Gruntes un Andra Gruntes meistar\u012bgo un emocion\u0101lo sasp\u0113li. Ierakst\u0101 piedal\u012bj\u0101s ar\u012b dzied\u0101t\u0101jas Ieva Akuratere un Zane \u0160mite, k\u0101 ar\u012b perkusionists Artis Orubs un \u0123it\u0101rists Valdis Vanadzi\u0146\u0161. Albumam ierakst\u012btie ska\u0146darbi raksturo m\u0101kslinieka dai\u013cradi ilg\u0101k\u0101 laika posm\u0101, tom\u0113r, uzsverot p\u0113d\u0113jo gadu muzik\u0101los mekl\u0113jumus aran\u017eiju zi\u0146\u0101 un sadarb\u012bbu ar l\u012bdz\u012bgi dom\u0101jo\u0161iem m\u016bzi\u0137iem. L\u012bdz ar to ar\u012b sen\u0101k rad\u012bti un kompon\u0113ti ska\u0146darbi klaus\u012bt\u0101jam skan\u0113s k\u0101 jauni un atsegs Haralda S\u012bma\u0146a m\u016bzik\u0101 piln\u012bgi jaunas \u0161\u0137autnes.<\/p>\n<p>Gandr\u012bz visu dziesmu v\u0101rdus rad\u012bjis Arv\u012bds Ulme ar kuru Haraldam S\u012bmanim sadarb\u012bba bijusi gandr\u012bz m\u016b\u017ea garum\u0101. Tom\u0113r ne vienm\u0113r v\u0101rdi dziesm\u0101 saskan ar s\u0101kotn\u0113jo dzejnieka versiju. Gad\u0101s, ka Haraldam v\u0101rdi izk\u0101rtojas nedaudz cit\u0101d\u0101k un dziesm\u0101 dz\u012bvo savu dz\u012bvi.<\/p>\n","protected":false},"excerpt":{"rendered":"<p><strong>IZPILD\u012aT\u0100JS\u00a0<\/strong><a href=\"https:\/\/lauska.lv\/veikals\/makslinieki\/simanis-haralds\/\" target=\"_blank\" rel=\"noopener\">Haralds S\u012bmanis<\/a><\/p>\n<p><strong>\u017dANRS\u00a0<\/strong><a href=\"https:\/\/lauska.lv\/veikals\/dziesminieki-autormuzika\/\" target=\"_blank\" rel=\"noopener\">Dziesminieki\/ Autorm\u016bzika<\/a><\/p>\n","protected":false},"featured_media":18114,"template":"","meta":{"jetpack_post_was_ever_published":false,"jetpack_publicize_message":"","jetpack_is_tweetstorm":false,"jetpack_publicize_feature_enabled":true,"jetpack_social_post_already_shared":true,"jetpack_social_options":{"image_generator_settings":{"template":"highway","enabled":false}}},"product_cat":[15,209],"product_tag":[722],"jetpack_publicize_connections":[],"jetpack_sharing_enabled":true,"_links":{"self":[{"href":"https:\/\/lauska.lv\/veikals\/wp-json\/wp\/v2\/product\/18113"}],"collection":[{"href":"https:\/\/lauska.lv\/veikals\/wp-json\/wp\/v2\/product"}],"about":[{"href":"https:\/\/lauska.lv\/veikals\/wp-json\/wp\/v2\/types\/product"}],"wp:featuredmedia":[{"embeddable":true,"href":"https:\/\/lauska.lv\/veikals\/wp-json\/wp\/v2\/media\/18114"}],"wp:attachment":[{"href":"https:\/\/lauska.lv\/veikals\/wp-json\/wp\/v2\/media?parent=18113"}],"wp:term":[{"taxonomy":"product_cat","embeddable":true,"href":"https:\/\/lauska.lv\/veikals\/wp-json\/wp\/v2\/product_cat?post=18113"},{"taxonomy":"product_tag","embeddable":true,"href":"https:\/\/lauska.lv\/veikals\/wp-json\/wp\/v2\/product_tag?post=18113"}],"curies":[{"name":"wp","href":"https:\/\/api.w.org\/{rel}","templated":true}]}}