{"id":18089,"date":"2022-04-21T10:05:15","date_gmt":"2022-04-21T07:05:15","guid":{"rendered":"https:\/\/lauska.lv\/veikals\/?post_type=product&#038;p=18089"},"modified":"2022-07-19T12:58:10","modified_gmt":"2022-07-19T09:58:10","slug":"meza-un-ciema","status":"publish","type":"product","link":"https:\/\/lauska.lv\/veikals\/Preces\/meza-un-ciema\/","title":{"rendered":"Me\u017e\u0101 un ciem\u0101"},"content":{"rendered":"<p>Albums &#8220;Me\u017e\u0101 un ciem\u0101&#8221; ir velt\u012bts kult\u016brv\u0113sturiskajiem pieminek\u013ciem, v\u0113sturiskiem notikumiem un dabas v\u0113rt\u012bb\u0101m Ropa\u017eu pagast\u0101. Tas ietver gan dziesmas, gan st\u0101stus no da\u017e\u0101diem laikiem un notikumiem Ropa\u017eu apkaim\u0113.<\/p>\n","protected":false},"excerpt":{"rendered":"<p><strong>IZPILD\u012aT\u0100JS<\/strong> <a href=\"https:\/\/lauska.lv\/veikals\/makslinieki\/trejasmens\/\" target=\"_blank\" rel=\"noopener\">Trejasmens<\/a><\/p>\n<p><strong>\u017dANRI<\/strong> <a href=\"https:\/\/lauska.lv\/veikals\/folklora\/\" target=\"_blank\" rel=\"noopener\">Folklora<\/a><\/p>\n","protected":false},"featured_media":18090,"template":"","meta":{"jetpack_post_was_ever_published":false,"jetpack_publicize_message":"","jetpack_is_tweetstorm":false,"jetpack_publicize_feature_enabled":true,"jetpack_social_post_already_shared":true,"jetpack_social_options":{"image_generator_settings":{"template":"highway","enabled":false}}},"product_cat":[15,101,230],"product_tag":[722],"jetpack_publicize_connections":[],"jetpack_sharing_enabled":true,"_links":{"self":[{"href":"https:\/\/lauska.lv\/veikals\/wp-json\/wp\/v2\/product\/18089"}],"collection":[{"href":"https:\/\/lauska.lv\/veikals\/wp-json\/wp\/v2\/product"}],"about":[{"href":"https:\/\/lauska.lv\/veikals\/wp-json\/wp\/v2\/types\/product"}],"wp:featuredmedia":[{"embeddable":true,"href":"https:\/\/lauska.lv\/veikals\/wp-json\/wp\/v2\/media\/18090"}],"wp:attachment":[{"href":"https:\/\/lauska.lv\/veikals\/wp-json\/wp\/v2\/media?parent=18089"}],"wp:term":[{"taxonomy":"product_cat","embeddable":true,"href":"https:\/\/lauska.lv\/veikals\/wp-json\/wp\/v2\/product_cat?post=18089"},{"taxonomy":"product_tag","embeddable":true,"href":"https:\/\/lauska.lv\/veikals\/wp-json\/wp\/v2\/product_tag?post=18089"}],"curies":[{"name":"wp","href":"https:\/\/api.w.org\/{rel}","templated":true}]}}