{"id":18079,"date":"2022-04-01T10:36:37","date_gmt":"2022-04-01T07:36:37","guid":{"rendered":"https:\/\/lauska.lv\/veikals\/?post_type=product&#038;p=18079"},"modified":"2024-02-20T09:45:08","modified_gmt":"2024-02-20T07:45:08","slug":"sviests-9","status":"publish","type":"product","link":"https:\/\/lauska.lv\/veikals\/Preces\/sviests-9\/","title":{"rendered":"SVIESTS 9"},"content":{"rendered":"<p>Kaut ar\u012b visiem apnikus\u012b pand\u0113mija jo \u012bpa\u0161i ne\u017e\u0113l\u012bgi uz ilg\u0101ku laiku apst\u0101din\u0101ja m\u016bzikas dz\u012bvi, un t\u0101 izsita no ierast\u0101 divgadu ritma ar\u012b etnom\u016bzikas izlases Sviests izn\u0101k\u0161anu, tom\u0113r lepojamies, ka \u0161\u012b izlase izn\u0101k, kaut ar nelielu kav\u0113\u0161anos, bet nu jau dev\u012bto reizi. Tas tikai apliecina, ka nek\u0101da izol\u0113\u0161an\u0101s vai nenotiku\u0161i koncerti nesp\u0113j apst\u0101din\u0101t rado\u0161o procesu, t\u0101p\u0113c jau atkal Sviests ir pilns l\u012bdz mal\u0101m. Viena \u0161\u012b laikmetu raksturojo\u0161a iez\u012bme varb\u016bt ir t\u0101, ka radu\u0161ies vair\u0101ki solo projekti, savuk\u0101rt grupas ir p\u0101rsvar\u0101 t\u0101s, kuras jau sen\u0101k sp\u0113l\u0113 kop\u0101, jo jaunas apvien\u012bbas objekt\u012bvu iemeslu d\u0113\u013c nevar\u0113ja rasties.<\/p>\n<p>K\u0101 ierasts, \u0161aj\u0101 album\u0101 ir apkopoti da\u017e\u0101du m\u016bzi\u0137u ska\u0146darbi, kuros saj\u016btams tautas m\u016bzikas piesk\u0101riens, un klaus\u012bt\u0101jiem b\u016bs noteikti ar\u012b nedzird\u0113ti atkl\u0101jumi. Visu \u0161o \u201csviestu\u201d saucam par etnom\u016bziku, folkm\u016bziku, postfolkloru, pasaules m\u016bziku, tom\u0113r taj\u0101 alla\u017e saj\u016btama iedvesma, kas g\u016bta no tautas m\u016bzikas.\u00a0Tautas m\u016bzika m\u016bsdien\u0101s ir pak\u013cauta visda\u017e\u0101d\u0101kaj\u0101m ietekm\u0113m, t\u0101p\u0113c \u0161aj\u0101 izlas\u0113 var\u0113sim dzird\u0113t ar\u012b da\u017eas citas valodas \u2013 lietuvie\u0161u, l\u012bvu un latga\u013cu sasauk\u0161anos, ar\u012b ebreju valodu, tom\u0113r t\u0101s visas sak\u0146ojas viet\u0113j\u0101 trad\u012bcij\u0101, kas ir neizsme\u013cams rado\u0161uma avots.<\/p>\n","protected":false},"excerpt":{"rendered":"<p>Kaut ar\u012b visiem apnikus\u012b pand\u0113mija jo \u012bpa\u0161i ne\u017e\u0113l\u012bgi uz ilg\u0101ku laiku apst\u0101din\u0101ja m\u016bzikas dz\u012bvi, un t\u0101 izsita no ierast\u0101 divgadu ritma ar\u012b etnom\u016bzikas izlases Sviests izn\u0101k\u0161anu, tom\u0113r lepojamies, ka \u0161\u012b izlase izn\u0101k, kaut ar nelielu kav\u0113\u0161anos, bet nu jau dev\u012bto reizi. Tas tikai apliecina, ka nek\u0101da izol\u0113\u0161an\u0101s vai nenotiku\u0161i koncerti nesp\u0113j apst\u0101din\u0101t rado\u0161o procesu, t\u0101p\u0113c jau atkal Sviests ir pilns l\u012bdz mal\u0101m. Viena \u0161\u012b laikmetu raksturojo\u0161a iez\u012bme varb\u016bt ir t\u0101, ka radu\u0161ies vair\u0101ki solo projekti, savuk\u0101rt grupas ir p\u0101rsvar\u0101 t\u0101s, kuras jau sen\u0101k sp\u0113l\u0113 kop\u0101, jo jaunas apvien\u012bbas objekt\u012bvu iemeslu d\u0113\u013c nevar\u0113ja rasties.<\/p>\n<p>K\u0101 ierasts, \u0161aj\u0101 album\u0101 ir apkopoti da\u017e\u0101du m\u016bzi\u0137u ska\u0146darbi, kuros saj\u016btams tautas m\u016bzikas piesk\u0101riens, un klaus\u012bt\u0101jiem b\u016bs noteikti ar\u012b nedzird\u0113ti atkl\u0101jumi. Visu \u0161o \u201csviestu\u201d saucam par etnom\u016bziku, folkm\u016bziku, postfolkloru, pasaules m\u016bziku, tom\u0113r taj\u0101 alla\u017e saj\u016btama iedvesma, kas g\u016bta no tautas m\u016bzikas.\u00a0Tautas m\u016bzika m\u016bsdien\u0101s ir pak\u013cauta visda\u017e\u0101d\u0101kaj\u0101m ietekm\u0113m, t\u0101p\u0113c \u0161aj\u0101 izlas\u0113 var\u0113sim dzird\u0113t ar\u012b da\u017eas citas valodas \u2013 lietuvie\u0161u, l\u012bvu un latga\u013cu sasauk\u0161anos, ar\u012b ebreju valodu, tom\u0113r t\u0101s visas sak\u0146ojas viet\u0113j\u0101 trad\u012bcij\u0101, kas ir neizsme\u013cams rado\u0161uma avots.<\/p>\n<p><strong>IZPILD\u012aT\u0100JS<\/strong> <a href=\"https:\/\/lauska.lv\/veikals\/makslinieki-2\/saucejas\/\">Sauc\u0113jas<\/a>, Laurita Peleni\u016bte &amp;<a href=\"https:\/\/lauska.lv\/veikals\/makslinieki-2\/auli\/\"> Au\u013ci<\/a>, R\u012bgas saksofonu kvartets un <a href=\"https:\/\/lauska.lv\/veikals\/makslinieki-2\/muktupavels-valdis\/\">Valdis Muktup\u0101vels<\/a>, Kalnejas, Sv\u012bres, Edgars Zilberts pied. Sta\u0146islavs Judins, TKP,\u00a0 FOLK 7, <a href=\"https:\/\/lauska.lv\/veikals\/makslinieki-2\/tautumeitas\/\">Tautumeitas<\/a>,<br \/>\n<a href=\"https:\/\/lauska.lv\/veikals\/makslinieki-2\/rahu-the-fool\/\">Rahu the Fool<\/a>, El\u012bna L\u012bce, Ududu, Zane Sni\u0137ere,<a href=\"https:\/\/lauska.lv\/veikals\/makslinieki-2\/rahu-the-fool\/\"> R\u0101va<\/a>, J\u016bra, <a href=\"https:\/\/lauska.lv\/veikals\/makslinieki-2\/dardi\/\">D\u0101rdi<\/a>, Pupa, Katr\u012bna Dimanta, Banga, K\u0101rlis Rudra Jirgens<\/p>\n<p><strong>\u017dANRI<\/strong><a href=\"https:\/\/lauska.lv\/veikals\/produkta-kategorija\/zanri\/sviests\/\"> Sviests,<\/a> <a href=\"https:\/\/lauska.lv\/veikals\/post-folks\/\" target=\"_blank\" rel=\"noopener\">Postfolks\u00a0<\/a><\/p>\n","protected":false},"featured_media":18080,"template":"","meta":{"jetpack_post_was_ever_published":false,"jetpack_publicize_message":"","jetpack_is_tweetstorm":false,"jetpack_publicize_feature_enabled":true,"jetpack_social_post_already_shared":true,"jetpack_social_options":{"image_generator_settings":{"template":"highway","enabled":false}}},"product_cat":[15,119,752,113,746,182,196,198,207,737,224,749],"product_tag":[722],"jetpack_publicize_connections":[],"jetpack_sharing_enabled":true,"_links":{"self":[{"href":"https:\/\/lauska.lv\/veikals\/wp-json\/wp\/v2\/product\/18079"}],"collection":[{"href":"https:\/\/lauska.lv\/veikals\/wp-json\/wp\/v2\/product"}],"about":[{"href":"https:\/\/lauska.lv\/veikals\/wp-json\/wp\/v2\/types\/product"}],"wp:featuredmedia":[{"embeddable":true,"href":"https:\/\/lauska.lv\/veikals\/wp-json\/wp\/v2\/media\/18080"}],"wp:attachment":[{"href":"https:\/\/lauska.lv\/veikals\/wp-json\/wp\/v2\/media?parent=18079"}],"wp:term":[{"taxonomy":"product_cat","embeddable":true,"href":"https:\/\/lauska.lv\/veikals\/wp-json\/wp\/v2\/product_cat?post=18079"},{"taxonomy":"product_tag","embeddable":true,"href":"https:\/\/lauska.lv\/veikals\/wp-json\/wp\/v2\/product_tag?post=18079"}],"curies":[{"name":"wp","href":"https:\/\/api.w.org\/{rel}","templated":true}]}}