{"id":18075,"date":"2022-04-01T10:12:03","date_gmt":"2022-04-01T07:12:03","guid":{"rendered":"https:\/\/lauska.lv\/veikals\/?post_type=product&#038;p=18075"},"modified":"2022-04-21T10:18:37","modified_gmt":"2022-04-21T07:18:37","slug":"vestules-rokraksta-smalka","status":"publish","type":"product","link":"https:\/\/lauska.lv\/veikals\/Preces\/vestules-rokraksta-smalka\/","title":{"rendered":"V\u0113stules rokrakst\u0101 smalk\u0101"},"content":{"rendered":"<p>&#8220;Manu dziesmu albums &#8220;V\u0113stules rokrakst\u0101 smalk\u0101&#8221; ir mana liel\u0101 v\u0113stule jums. Dzi\u013ci personiska, ar roku, pat ar sirds asin\u012bm rakst\u012bta, kura p\u0113c noklaus\u012b\u0161an\u0101s cer atrast vietu k\u0101d\u0101 sirds atvilktn\u0113, lai p\u0113c laika uzrun\u0101tu no jauna. V\u0113stul\u0113 savus smalkos izj\u016btu pierakstus &#8211; no\u0161u ierakstus iem\u016b\u017ein\u0101ju\u0161i ar\u012b muzik\u0101l\u0101s apvien\u012bbas &#8220;Dz\u012bve virs jumtiem&#8221; dal\u012bbnieki, &#8211; mani draugi, kurus parasti saaicinu kop\u0101, lai dotos k\u0101rt\u0113j\u0101 m\u0101ksliniecisk\u0101 ce\u013cojum\u0101. &#8230; Bet nu laiks zvan\u012bt &#8220;lielo zvanu&#8221;&#8230; \u012aszi\u0146u laikmet\u0101, kad v\u0101rdi nodziest l\u012bdz ar ekr\u0101na gaismu, dz\u012bves pastkast\u012bt\u0113 iekritusi jauna v\u0113stule. Man\u0113j\u0101&#8230;&#8221;<\/p>\n<p>Raimonda Vazdika<\/p>\n","protected":false},"excerpt":{"rendered":"<p><strong>IZPILD\u012aT\u0100JS<\/strong>\u00a0<a href=\"https:\/\/lauska.lv\/veikals\/vazdika-raimonda\/\" target=\"_blank\" rel=\"noopener\">Vazdika Raimonda<\/a><\/p>\n<p><strong>\u017dANRI\u00a0<\/strong><a href=\"https:\/\/lauska.lv\/veikals\/dziesminieki-autormuzika\/\" target=\"_blank\" rel=\"noopener\">Dziesminieki\/Autorm\u016bzika<\/a><\/p>\n","protected":false},"featured_media":18099,"template":"","meta":{"jetpack_post_was_ever_published":false,"jetpack_publicize_message":"","jetpack_is_tweetstorm":false,"jetpack_publicize_feature_enabled":true,"jetpack_social_post_already_shared":true,"jetpack_social_options":{"image_generator_settings":{"template":"highway","enabled":false}}},"product_cat":[101,724],"product_tag":[722],"jetpack_publicize_connections":[],"jetpack_sharing_enabled":true,"_links":{"self":[{"href":"https:\/\/lauska.lv\/veikals\/wp-json\/wp\/v2\/product\/18075"}],"collection":[{"href":"https:\/\/lauska.lv\/veikals\/wp-json\/wp\/v2\/product"}],"about":[{"href":"https:\/\/lauska.lv\/veikals\/wp-json\/wp\/v2\/types\/product"}],"wp:featuredmedia":[{"embeddable":true,"href":"https:\/\/lauska.lv\/veikals\/wp-json\/wp\/v2\/media\/18099"}],"wp:attachment":[{"href":"https:\/\/lauska.lv\/veikals\/wp-json\/wp\/v2\/media?parent=18075"}],"wp:term":[{"taxonomy":"product_cat","embeddable":true,"href":"https:\/\/lauska.lv\/veikals\/wp-json\/wp\/v2\/product_cat?post=18075"},{"taxonomy":"product_tag","embeddable":true,"href":"https:\/\/lauska.lv\/veikals\/wp-json\/wp\/v2\/product_tag?post=18075"}],"curies":[{"name":"wp","href":"https:\/\/api.w.org\/{rel}","templated":true}]}}