{"id":18035,"date":"2022-01-21T10:47:36","date_gmt":"2022-01-21T08:47:36","guid":{"rendered":"https:\/\/lauska.lv\/veikals\/?post_type=product&#038;p=18035"},"modified":"2024-12-06T10:42:58","modified_gmt":"2024-12-06T08:42:58","slug":"bunkurs-13","status":"publish","type":"product","link":"https:\/\/lauska.lv\/veikals\/Preces\/bunkurs-13\/","title":{"rendered":"Bunkurs 13"},"content":{"rendered":"<p>Ierakst\u0101 dzirdamas latvie\u0161u karav\u012bru dziesmas no vissen\u0101kajiem laikiem l\u012bdz m\u016bsdien\u0101m. Da\u017eas labi atpaz\u012bstamas dziesmas no m\u016bsu t\u0101lo sen\u010du p\u016bra, str\u0113lnieku, br\u012bv\u012bbas c\u012bn\u012bt\u0101ju, le\u0123ion\u0101ru, nacion\u0101lo partiz\u0101nu, un viena, pavisam nesen rad\u012bta dziesma, kuru autori ir m\u016bsdienu karav\u012bri.<\/p>\n","protected":false},"excerpt":{"rendered":"<p><strong>IZPILD\u012aT\u0100JS<\/strong>\u00a0<a href=\"http:\/\/lauska.lv\/veikals\/vilki\/\" target=\"_blank\" rel=\"noopener\">Vilki <\/a><\/p>\n<p><strong>\u017dANRI\u00a0<\/strong><a href=\"https:\/\/lauska.lv\/veikals\/post-folks\/\" target=\"_blank\" rel=\"noopener\">Post-folk<\/a><\/p>\n","protected":false},"featured_media":18037,"template":"","meta":{"jetpack_post_was_ever_published":false,"jetpack_publicize_message":"","jetpack_is_tweetstorm":false,"jetpack_publicize_feature_enabled":true,"jetpack_social_post_already_shared":true,"jetpack_social_options":{"image_generator_settings":{"template":"highway","enabled":false}}},"product_cat":[101,241],"product_tag":[722],"jetpack_publicize_connections":[],"jetpack_sharing_enabled":true,"_links":{"self":[{"href":"https:\/\/lauska.lv\/veikals\/wp-json\/wp\/v2\/product\/18035"}],"collection":[{"href":"https:\/\/lauska.lv\/veikals\/wp-json\/wp\/v2\/product"}],"about":[{"href":"https:\/\/lauska.lv\/veikals\/wp-json\/wp\/v2\/types\/product"}],"wp:featuredmedia":[{"embeddable":true,"href":"https:\/\/lauska.lv\/veikals\/wp-json\/wp\/v2\/media\/18037"}],"wp:attachment":[{"href":"https:\/\/lauska.lv\/veikals\/wp-json\/wp\/v2\/media?parent=18035"}],"wp:term":[{"taxonomy":"product_cat","embeddable":true,"href":"https:\/\/lauska.lv\/veikals\/wp-json\/wp\/v2\/product_cat?post=18035"},{"taxonomy":"product_tag","embeddable":true,"href":"https:\/\/lauska.lv\/veikals\/wp-json\/wp\/v2\/product_tag?post=18035"}],"curies":[{"name":"wp","href":"https:\/\/api.w.org\/{rel}","templated":true}]}}