{"id":18003,"date":"2021-11-13T14:34:52","date_gmt":"2021-11-13T12:34:52","guid":{"rendered":"http:\/\/lauska.lv\/veikals\/products\/ko-zinu-gaidit\/"},"modified":"2021-11-13T15:07:28","modified_gmt":"2021-11-13T13:07:28","slug":"ko-zinu-gaidit","status":"publish","type":"product","link":"https:\/\/lauska.lv\/veikals\/products\/ko-zinu-gaidit\/?lang=en","title":{"rendered":"Ko zinu gaid\u012bt"},"content":{"rendered":"<p>The sixth album by the Latvian folklore group &#8220;Laiksne&#8221; unites thirteen folksongs about the lifespan of women, beginning with being born, growing up, youth and preparation for marriage.<\/p>\n<p>&#8220;Ko zinu gaid\u012bt?&#8221; &#8211; &#8220;What should I await?&#8221; &#8211; is in between the known and the unknown. Life would be boring, if we knew everything beforehand,&#8221; this is what the members of the group say. &#8220;We have been cradeling this new album for three whole years, while looking for the songs in field-research archives, scriptures and among friends. The sound of &#8220;Laiksne&#8221; is created by all the group members together &#8211; it is created with a bright smile, to be listened to lightly!&#8221;<\/p>\n<p>The album was recorded in studio\u00a0 \u201cGEM plus\u201d (sound engineer Gatis Gaujenieks), group members Baiba Indr\u0113vica, Dina Liepa, Laumai Garkalne, Imanta N\u012bgale, Vineta Rom\u0101ne, Kaspars Indr\u0113vics and Gatis Gaujenieks, and guest musicians in the song \u201cEs piedzimu pie m\u0101mi\u0146as\u201d \u2013 Ilga Reizniece and children of \u201cLaiksnes\u201d Elizabete Milti\u0146a and Juma Gaujeniece.<\/p>\n","protected":false},"excerpt":{"rendered":"<p><b>ARTIST <\/b><a href=\"http:\/\/lauska.lv\/veikals\/laiksne\/\" target=\"_blank\" rel=\"noopener\">Laiksne<\/a><\/p>\n<div class=\"woocommerce-product-details__short-description\">\n<p><strong>GENRE <\/strong><a href=\"http:\/\/lauska.lv\/veikals\/post-folks\/\" target=\"_blank\" rel=\"noopener\">Post-Folk<\/a><\/p>\n<\/div>\n","protected":false},"featured_media":18000,"template":"","meta":{"jetpack_post_was_ever_published":false,"jetpack_publicize_message":"","jetpack_is_tweetstorm":false,"jetpack_publicize_feature_enabled":true,"jetpack_social_post_already_shared":true,"jetpack_social_options":{"image_generator_settings":{"template":"highway","enabled":false}}},"product_cat":[260,537,254,354],"product_tag":[721],"jetpack_publicize_connections":[],"jetpack_sharing_enabled":true,"_links":{"self":[{"href":"https:\/\/lauska.lv\/veikals\/wp-json\/wp\/v2\/product\/18003"}],"collection":[{"href":"https:\/\/lauska.lv\/veikals\/wp-json\/wp\/v2\/product"}],"about":[{"href":"https:\/\/lauska.lv\/veikals\/wp-json\/wp\/v2\/types\/product"}],"wp:featuredmedia":[{"embeddable":true,"href":"https:\/\/lauska.lv\/veikals\/wp-json\/wp\/v2\/media\/18000"}],"wp:attachment":[{"href":"https:\/\/lauska.lv\/veikals\/wp-json\/wp\/v2\/media?parent=18003"}],"wp:term":[{"taxonomy":"product_cat","embeddable":true,"href":"https:\/\/lauska.lv\/veikals\/wp-json\/wp\/v2\/product_cat?post=18003"},{"taxonomy":"product_tag","embeddable":true,"href":"https:\/\/lauska.lv\/veikals\/wp-json\/wp\/v2\/product_tag?post=18003"}],"curies":[{"name":"wp","href":"https:\/\/api.w.org\/{rel}","templated":true}]}}