{"id":17998,"date":"2021-11-13T14:34:52","date_gmt":"2021-11-13T12:34:52","guid":{"rendered":"http:\/\/lauska.lv\/veikals\/?post_type=product&#038;p=17998"},"modified":"2021-11-13T14:34:53","modified_gmt":"2021-11-13T12:34:53","slug":"ko-zinu-gaidit","status":"publish","type":"product","link":"https:\/\/lauska.lv\/veikals\/Preces\/ko-zinu-gaidit\/","title":{"rendered":"Ko zinu gaid\u012bt"},"content":{"rendered":"<p>Folkloras grupas &#8220;Laiksne&#8221; nu jau sestaj\u0101 album\u0101 apkopotas tr\u012bspadsmit tautas dziesmas par sievietes m\u016b\u017ea rit\u0113jumu, s\u0101kot ar piedzim\u0161anu, uzaug\u0161anu, jaun\u012bbas dien\u0101m un gatavo\u0161anos prec\u012bb\u0101m.<\/p>\n<p>\u201cKo zinu gaid\u012bt? Drusku zinu, drusku ne. Dz\u012bve b\u016btu garlaic\u012bga, ja m\u0113s visu zin\u0101tu uz priek\u0161u,\u201d t\u0101 albuma pieteikum\u0101 saka grupas dal\u012bbnieki. \u201cJauno albumu esam aukl\u0113ju\u0161i veselus tr\u012bs gadus, mekl\u0113jot dziesmas no\u0161u pierakstos, teic\u0113ju arh\u012bvos un draugu pulk\u0101. \u201cLaiksnes\u201d skan\u0113jums ir m\u016bsu visu grupas dal\u012bbnieku kopdarbs &#8211; rad\u012bts ar gai\u0161u smaidu, klaus\u0101ms ar vieglumu!\u201d<\/p>\n<p>Albums \u201cKo zinu gaid\u012bt\u201d ierakst\u012bts studij\u0101 \u201cGEM plus\u201d (ska\u0146u re\u017eisors Gatis Gaujenieks), piedaloties grupas dal\u012bbniekiem Baibai Indr\u0113vica, Dinai Liepai, Laumai Garkalne, Imantai N\u012bgalei, Vinetai Rom\u0101ne, Kasparam Indr\u0113vicam un Gatim Gaujeniekam, k\u0101 ar\u012b viesm\u0101ksliniekiem dziesm\u0101 \u201cEs piedzimu pie m\u0101mi\u0146as\u201d \u2013 Ilgai Reizniecei un \u201cLaiksnes\u201d b\u0113rniem Elizabetei Milti\u0146ai un Jumai Gaujeniecei.<\/p>\n","protected":false},"excerpt":{"rendered":"<p><strong>IZPILD\u012aT\u0100JS<\/strong>\u00a0<a href=\"http:\/\/lauska.lv\/veikals\/laiksne\/\" target=\"_blank\" rel=\"noopener\">Laiksne<\/a><\/p>\n<div class=\"woocommerce-product-details__short-description\">\n<p><strong>\u017dANRI\u00a0<\/strong><a href=\"http:\/\/lauska.lv\/veikals\/post-folks\/\" target=\"_blank\" rel=\"noopener\">Post-folks<\/a><\/p>\n<\/div>\n","protected":false},"featured_media":17999,"template":"","meta":{"jetpack_post_was_ever_published":false,"jetpack_publicize_message":"","jetpack_is_tweetstorm":false,"jetpack_publicize_feature_enabled":true,"jetpack_social_post_already_shared":true,"jetpack_social_options":{"image_generator_settings":{"template":"highway","enabled":false}}},"product_cat":[15,101,165,252],"product_tag":[720],"jetpack_publicize_connections":[],"jetpack_sharing_enabled":true,"_links":{"self":[{"href":"https:\/\/lauska.lv\/veikals\/wp-json\/wp\/v2\/product\/17998"}],"collection":[{"href":"https:\/\/lauska.lv\/veikals\/wp-json\/wp\/v2\/product"}],"about":[{"href":"https:\/\/lauska.lv\/veikals\/wp-json\/wp\/v2\/types\/product"}],"wp:featuredmedia":[{"embeddable":true,"href":"https:\/\/lauska.lv\/veikals\/wp-json\/wp\/v2\/media\/17999"}],"wp:attachment":[{"href":"https:\/\/lauska.lv\/veikals\/wp-json\/wp\/v2\/media?parent=17998"}],"wp:term":[{"taxonomy":"product_cat","embeddable":true,"href":"https:\/\/lauska.lv\/veikals\/wp-json\/wp\/v2\/product_cat?post=17998"},{"taxonomy":"product_tag","embeddable":true,"href":"https:\/\/lauska.lv\/veikals\/wp-json\/wp\/v2\/product_tag?post=17998"}],"curies":[{"name":"wp","href":"https:\/\/api.w.org\/{rel}","templated":true}]}}