{"id":17900,"date":"2021-03-16T14:28:44","date_gmt":"2021-03-16T12:28:44","guid":{"rendered":"http:\/\/lauska.lv\/veikals\/products\/skanu-balsenu-palaidu\/"},"modified":"2021-03-16T14:38:21","modified_gmt":"2021-03-16T12:38:21","slug":"skanu-balsenu-palaidu","status":"publish","type":"product","link":"https:\/\/lauska.lv\/veikals\/products\/skanu-balsenu-palaidu\/?lang=en","title":{"rendered":"Ska\u0146u balse\u0146u palaidu"},"content":{"rendered":"<p>Folklore group Ceiruleits was founded in 1990 in L\u012bv\u0101ni. Its activity is based on the study, acquisition and further popularisation of folk traditions.<\/p>\n<p>The group&#8217;s repertoire includes a wide range of songs, games and dances from all over Latvia, but mainly from their native region &#8211; Latgale.<\/p>\n<p>Both older and younger folk musical instruments are used to making music &#8211; kokles (psaltery), pipes, bagpipes, harmonicas, violins, accordions, double bass and various rhythm instruments.<\/p>\n<p>In group performances the songs are usually performed in an authentic manner.<\/p>\n","protected":false},"excerpt":{"rendered":"<p><strong>ARTIST <\/strong><a href=\"http:\/\/lauska.lv\/veikals\/makslinieki\/ceiruleits\/\" target=\"_blank\" rel=\"noopener\">Ceiruleits<\/a><\/p>\n<p><b>GENRE <\/b><a href=\"http:\/\/lauska.lv\/veikals\/folklora\/\">Folklore<\/a><\/p>\n","protected":false},"featured_media":17898,"template":"","meta":{"jetpack_post_was_ever_published":false,"jetpack_publicize_message":"","jetpack_is_tweetstorm":false,"jetpack_publicize_feature_enabled":true,"jetpack_social_post_already_shared":true,"jetpack_social_options":{"image_generator_settings":{"template":"highway","enabled":false}}},"product_cat":[292,304],"product_tag":[721],"jetpack_publicize_connections":[],"jetpack_sharing_enabled":true,"_links":{"self":[{"href":"https:\/\/lauska.lv\/veikals\/wp-json\/wp\/v2\/product\/17900"}],"collection":[{"href":"https:\/\/lauska.lv\/veikals\/wp-json\/wp\/v2\/product"}],"about":[{"href":"https:\/\/lauska.lv\/veikals\/wp-json\/wp\/v2\/types\/product"}],"wp:featuredmedia":[{"embeddable":true,"href":"https:\/\/lauska.lv\/veikals\/wp-json\/wp\/v2\/media\/17898"}],"wp:attachment":[{"href":"https:\/\/lauska.lv\/veikals\/wp-json\/wp\/v2\/media?parent=17900"}],"wp:term":[{"taxonomy":"product_cat","embeddable":true,"href":"https:\/\/lauska.lv\/veikals\/wp-json\/wp\/v2\/product_cat?post=17900"},{"taxonomy":"product_tag","embeddable":true,"href":"https:\/\/lauska.lv\/veikals\/wp-json\/wp\/v2\/product_tag?post=17900"}],"curies":[{"name":"wp","href":"https:\/\/api.w.org\/{rel}","templated":true}]}}