{"id":17896,"date":"2021-03-16T14:28:44","date_gmt":"2021-03-16T12:28:44","guid":{"rendered":"http:\/\/lauska.lv\/veikals\/?post_type=product&#038;p=17896"},"modified":"2024-12-06T10:44:09","modified_gmt":"2024-12-06T08:44:09","slug":"skanu-balsenu-palaidu","status":"publish","type":"product","link":"https:\/\/lauska.lv\/veikals\/Preces\/skanu-balsenu-palaidu\/","title":{"rendered":"Ska\u0146u balse\u0146u palaidu"},"content":{"rendered":"<p>Folkloras kopa Ceiruleits dibin\u0101ta 1990. gad\u0101 L\u012bv\u0101nos. T\u0101s darb\u012bbas pamat\u0101 ir tautas trad\u012bciju izzin\u0101\u0161ana, apg\u016b\u0161ana un t\u0101l\u0101ka populariz\u0113\u0161ana.<\/p>\n<p>Kopas repertu\u0101r\u0101 ir pla\u0161s dziesmu, rota\u013cu un deju kl\u0101sts no visas Latvijas, bet galvenok\u0101rt no sava dzimt\u0101 novada &#8211; Latgales.<\/p>\n<p>Muzic\u0113jot tiek izmantoti gan vec\u0101kas, gan jaun\u0101kas cilmes tautas m\u016bzikas instrumenti &#8211; kokle, stabules, d\u016bdas, ermo\u0146ikas, vijoles, akordeons, kontrabass un da\u017e\u0101di ritma instrumenti.<\/p>\n<p>Kopas priek\u0161nesumos dziesmas parasti tiek izpild\u012btas autentiskaj\u0101 manier\u0113.<\/p>\n","protected":false},"excerpt":{"rendered":"<p><strong>IZPILD\u012aT\u0100JS <\/strong><a href=\"http:\/\/lauska.lv\/veikals\/makslinieki\/ceiruleits\/\" target=\"_blank\" rel=\"noopener\">Ceiruleits<\/a><\/p>\n<p><strong>\u017dANRS<\/strong>\u00a0<a href=\"http:\/\/lauska.lv\/veikals\/folklora\/\">Folklora<\/a><\/p>\n","protected":false},"featured_media":17897,"template":"","meta":{"jetpack_post_was_ever_published":false,"jetpack_publicize_message":"","jetpack_is_tweetstorm":false,"jetpack_publicize_feature_enabled":true,"jetpack_social_post_already_shared":true,"jetpack_social_options":{"image_generator_settings":{"template":"highway","enabled":false}}},"product_cat":[130,250],"product_tag":[720],"jetpack_publicize_connections":[],"jetpack_sharing_enabled":true,"_links":{"self":[{"href":"https:\/\/lauska.lv\/veikals\/wp-json\/wp\/v2\/product\/17896"}],"collection":[{"href":"https:\/\/lauska.lv\/veikals\/wp-json\/wp\/v2\/product"}],"about":[{"href":"https:\/\/lauska.lv\/veikals\/wp-json\/wp\/v2\/types\/product"}],"wp:featuredmedia":[{"embeddable":true,"href":"https:\/\/lauska.lv\/veikals\/wp-json\/wp\/v2\/media\/17897"}],"wp:attachment":[{"href":"https:\/\/lauska.lv\/veikals\/wp-json\/wp\/v2\/media?parent=17896"}],"wp:term":[{"taxonomy":"product_cat","embeddable":true,"href":"https:\/\/lauska.lv\/veikals\/wp-json\/wp\/v2\/product_cat?post=17896"},{"taxonomy":"product_tag","embeddable":true,"href":"https:\/\/lauska.lv\/veikals\/wp-json\/wp\/v2\/product_tag?post=17896"}],"curies":[{"name":"wp","href":"https:\/\/api.w.org\/{rel}","templated":true}]}}