{"id":17883,"date":"2021-01-19T13:35:06","date_gmt":"2021-01-19T11:35:06","guid":{"rendered":"http:\/\/lauska.lv\/veikals\/products\/kad-mana-sieva-piedzerus\/"},"modified":"2021-01-25T16:18:47","modified_gmt":"2021-01-25T14:18:47","slug":"kad-mana-sieva-piedzerus","status":"publish","type":"product","link":"https:\/\/lauska.lv\/veikals\/products\/kad-mana-sieva-piedzerus\/?lang=en","title":{"rendered":"Kad mana sieva piedz\u0113rus&#8217; (When my wife was drunk)"},"content":{"rendered":"<p>This album includes polkas, waltzes and table songs and other songs played by the\u00a0 Drabe\u0161u mui\u017eas muzikanti. The repertoir was collected in the local region around C\u0113sis in Latvia by\u00a0 Voldem\u0101rs Stelbergs (1891-1940).<\/p>\n<p>&nbsp;<\/p>\n<div class=\"woocommerce-product-details__short-description\">\n<p>&nbsp;<\/p>\n<\/div>\n","protected":false},"excerpt":{"rendered":"<p><b>ARTIST <\/b><a href=\"http:\/\/lauska.lv\/veikals\/folklora\/drabesu-muizas-muzikanti\/\" target=\"_blank\" rel=\"noopener\">Drabe\u0161u mui\u017eas muzikanti<\/a><\/p>\n<p><b>GENRE <\/b><a href=\"http:\/\/lauska.lv\/veikals\/folklora\/\">Folklore<\/a><\/p>\n","protected":false},"featured_media":17867,"template":"","meta":{"jetpack_post_was_ever_published":false,"jetpack_publicize_message":"","jetpack_is_tweetstorm":false,"jetpack_publicize_feature_enabled":true,"jetpack_social_post_already_shared":true,"jetpack_social_options":{"image_generator_settings":{"template":"highway","enabled":false}}},"product_cat":[719,260],"product_tag":[713],"jetpack_publicize_connections":[],"jetpack_sharing_enabled":true,"_links":{"self":[{"href":"https:\/\/lauska.lv\/veikals\/wp-json\/wp\/v2\/product\/17883"}],"collection":[{"href":"https:\/\/lauska.lv\/veikals\/wp-json\/wp\/v2\/product"}],"about":[{"href":"https:\/\/lauska.lv\/veikals\/wp-json\/wp\/v2\/types\/product"}],"wp:featuredmedia":[{"embeddable":true,"href":"https:\/\/lauska.lv\/veikals\/wp-json\/wp\/v2\/media\/17867"}],"wp:attachment":[{"href":"https:\/\/lauska.lv\/veikals\/wp-json\/wp\/v2\/media?parent=17883"}],"wp:term":[{"taxonomy":"product_cat","embeddable":true,"href":"https:\/\/lauska.lv\/veikals\/wp-json\/wp\/v2\/product_cat?post=17883"},{"taxonomy":"product_tag","embeddable":true,"href":"https:\/\/lauska.lv\/veikals\/wp-json\/wp\/v2\/product_tag?post=17883"}],"curies":[{"name":"wp","href":"https:\/\/api.w.org\/{rel}","templated":true}]}}