{"id":17865,"date":"2021-01-19T13:35:06","date_gmt":"2021-01-19T11:35:06","guid":{"rendered":"http:\/\/lauska.lv\/veikals\/?post_type=product&#038;p=17865"},"modified":"2024-12-06T10:45:15","modified_gmt":"2024-12-06T08:45:15","slug":"kad-mana-sieva-piedzerus","status":"publish","type":"product","link":"https:\/\/lauska.lv\/veikals\/Preces\/kad-mana-sieva-piedzerus\/","title":{"rendered":"Kad mana sieva piedz\u0113rus&#8217;"},"content":{"rendered":"<p>\u0160aj\u0101 album\u0101 dzird\u0113siet polkas, val\u0161us un zi\u0146\u0123es un galda dziesmas Drabe\u0161u mui\u017eas muzikantu izpild\u012bjum\u0101, no novadnieka Voldem\u0101ra Stelberga kr\u0101juma.<\/p>\n<p>&nbsp;<\/p>\n<div class=\"woocommerce-product-details__short-description\">\n<p>&nbsp;<\/p>\n<\/div>\n","protected":false},"excerpt":{"rendered":"<p><strong>IZPILD\u012aT\u0100JS<\/strong> <a href=\"http:\/\/lauska.lv\/veikals\/folklora\/drabesu-muizas-muzikanti\/\" target=\"_blank\" rel=\"noopener\">Drabe\u0161u mui\u017eas muzikanti<\/a><\/p>\n<p><strong>\u017dANRS<\/strong>\u00a0<a href=\"http:\/\/lauska.lv\/veikals\/folklora\/\">Folklora<\/a><\/p>\n","protected":false},"featured_media":17866,"template":"","meta":{"jetpack_post_was_ever_published":false,"jetpack_publicize_message":"","jetpack_is_tweetstorm":false,"jetpack_publicize_feature_enabled":true,"jetpack_social_post_already_shared":true,"jetpack_social_options":{"image_generator_settings":{"template":"highway","enabled":false}}},"product_cat":[718,101],"product_tag":[712],"jetpack_publicize_connections":[],"jetpack_sharing_enabled":true,"_links":{"self":[{"href":"https:\/\/lauska.lv\/veikals\/wp-json\/wp\/v2\/product\/17865"}],"collection":[{"href":"https:\/\/lauska.lv\/veikals\/wp-json\/wp\/v2\/product"}],"about":[{"href":"https:\/\/lauska.lv\/veikals\/wp-json\/wp\/v2\/types\/product"}],"wp:featuredmedia":[{"embeddable":true,"href":"https:\/\/lauska.lv\/veikals\/wp-json\/wp\/v2\/media\/17866"}],"wp:attachment":[{"href":"https:\/\/lauska.lv\/veikals\/wp-json\/wp\/v2\/media?parent=17865"}],"wp:term":[{"taxonomy":"product_cat","embeddable":true,"href":"https:\/\/lauska.lv\/veikals\/wp-json\/wp\/v2\/product_cat?post=17865"},{"taxonomy":"product_tag","embeddable":true,"href":"https:\/\/lauska.lv\/veikals\/wp-json\/wp\/v2\/product_tag?post=17865"}],"curies":[{"name":"wp","href":"https:\/\/api.w.org\/{rel}","templated":true}]}}